{"id":3738,"date":"2025-06-26T02:11:48","date_gmt":"2025-06-25T23:11:48","guid":{"rendered":"https:\/\/vendor.energy\/team\/"},"modified":"2026-01-02T20:28:19","modified_gmt":"2026-01-02T17:28:19","slug":"echipa","status":"publish","type":"page","link":"https:\/\/vendor.energy\/ro\/echipa\/","title":{"rendered":"Echip\u0103"},"content":{"rendered":"\t\t<div data-elementor-type=\"wp-page\" data-elementor-id=\"3738\" class=\"elementor elementor-3738 elementor-886\" data-elementor-settings=\"{&quot;scroll_snap&quot;:&quot;yes&quot;}\" data-elementor-post-type=\"page\">\n\t\t\t\t<div class=\"elementor-element elementor-element-39859f1 e-flex e-con-boxed e-con e-parent\" data-id=\"39859f1\" data-element_type=\"container\" data-e-type=\"container\" data-settings=\"{&quot;background_background&quot;:&quot;classic&quot;}\">\n\t\t\t\t\t<div class=\"e-con-inner\">\n\t\t\t\t<div class=\"elementor-element elementor-element-d3891e7 elementor-widget elementor-widget-heading\" data-id=\"d3891e7\" data-element_type=\"widget\" data-e-type=\"widget\" data-widget_type=\"heading.default\">\n\t\t\t\t<div class=\"elementor-widget-container\">\n\t\t\t\t\t<h2 class=\"elementor-heading-title elementor-size-default\">Echipa de baz\u0103<\/h2>\t\t\t\t<\/div>\n\t\t\t\t<\/div>\n\t\t\t\t<div class=\"elementor-element elementor-element-6034511 elementor-widget elementor-widget-heading\" data-id=\"6034511\" data-element_type=\"widget\" data-e-type=\"widget\" data-widget_type=\"heading.default\">\n\t\t\t\t<div class=\"elementor-widget-container\">\n\t\t\t\t\t<h2 class=\"elementor-heading-title elementor-size-default\">Nu prezent\u0103m personalit\u0103\u021bi.<br>\nPrezent\u0103m responsabilitate inginereasc\u0103.<\/h2>\t\t\t\t<\/div>\n\t\t\t\t<\/div>\n\t\t\t\t<div class=\"elementor-element elementor-element-94d5e64 elementor-widget elementor-widget-text-editor\" data-id=\"94d5e64\" data-element_type=\"widget\" data-e-type=\"widget\" data-widget_type=\"text-editor.default\">\n\t\t\t\t<div class=\"elementor-widget-container\">\n\t\t\t\t\t\t\t\t\t<p class=\"p1\">\u00cen sistemele energetice deep-tech, expunerea timpurie a persoanelor echivaleaz\u0103 adesea cu expunerea timpurie a arhitecturii.<\/p><p class=\"p1\">VENDOR opereaz\u0103 \u00een domenii ce implic\u0103 electronic\u0103 de \u00eenalt\u0103 tensiune, logic\u0103 de control \u0219i proprietate intelectual\u0103 la nivel de sistem.<\/p><p class=\"p1\">Vizibilitatea prematur\u0103 cre\u0219te riscurile tehnice \u0219i opera\u021bionale \u2014 nu transparen\u021ba.<\/p><p class=\"p1\">R\u0103m\u00e2nem discre\u021bi vizual nu din secretomanie, ci din responsabilitate inginereasc\u0103.<\/p><p class=\"p1\">\u00cen acest stadiu, nu conteaz\u0103 cine suntem public, ci <span class=\"s1\"><b>ce a fost construit, validat \u0219i continu\u0103 s\u0103 evolueze<\/b><\/span>.<\/p>\t\t\t\t\t\t\t\t<\/div>\n\t\t\t\t<\/div>\n\t\t\t\t\t<\/div>\n\t\t\t\t<\/div>\n\t\t<div class=\"elementor-element elementor-element-e6465f4 e-flex e-con-boxed e-con e-parent\" data-id=\"e6465f4\" data-element_type=\"container\" data-e-type=\"container\" data-settings=\"{&quot;background_background&quot;:&quot;classic&quot;}\">\n\t\t\t\t\t<div class=\"e-con-inner\">\n\t\t\t\t<div class=\"elementor-element elementor-element-64a507a elementor-widget elementor-widget-heading\" data-id=\"64a507a\" data-element_type=\"widget\" data-e-type=\"widget\" data-widget_type=\"heading.default\">\n\t\t\t\t<div class=\"elementor-widget-container\">\n\t\t\t\t\t<h2 class=\"elementor-heading-title elementor-size-default\">De Ce Echipa Este Prezentat\u0103 \u00cen Acest Mod<\/h2>\t\t\t\t<\/div>\n\t\t\t\t<\/div>\n\t\t\t\t<div class=\"elementor-element elementor-element-36c983d elementor-widget elementor-widget-text-editor\" data-id=\"36c983d\" data-element_type=\"widget\" data-e-type=\"widget\" data-widget_type=\"text-editor.default\">\n\t\t\t\t<div class=\"elementor-widget-container\">\n\t\t\t\t\t\t\t\t\t<p class=\"p1\">VENDOR este construit ca un sistem inginere\u0219c, nu ca un produs narativ.<\/p><p class=\"p1\">Echipa lucreaz\u0103 \u00een proximitatea:<\/p><ul><li><p class=\"p1\">gener\u0103rii de proprietate intelectual\u0103,<\/p><\/li><li><p class=\"p1\">logicii de control \u0219i sistemelor de siguran\u021b\u0103,<\/p><\/li><li><p class=\"p1\">regimurilor de tensiune \u00eenalt\u0103 \u0219i impuls,<\/p><\/li><li><p class=\"p1\">proceselor de validare \u0219i certificare pe termen lung.<\/p><\/li><\/ul><p class=\"p1\">\u00cen astfel de contexte, prezentarea corect\u0103 a echipei nu este biografie \u2014 ci <span class=\"s2\"><b>responsabilitate func\u021bional\u0103<\/b><\/span>.<\/p>\t\t\t\t\t\t\t\t<\/div>\n\t\t\t\t<\/div>\n\t\t\t\t\t<\/div>\n\t\t\t\t<\/div>\n\t\t<div class=\"elementor-element elementor-element-c5af54f e-flex e-con-boxed e-con e-parent\" data-id=\"c5af54f\" data-element_type=\"container\" data-e-type=\"container\" data-settings=\"{&quot;background_background&quot;:&quot;classic&quot;}\">\n\t\t\t\t\t<div class=\"e-con-inner\">\n\t\t\t\t<div class=\"elementor-element elementor-element-1e6b25e elementor-widget elementor-widget-heading\" data-id=\"1e6b25e\" data-element_type=\"widget\" data-e-type=\"widget\" data-widget_type=\"heading.default\">\n\t\t\t\t<div class=\"elementor-widget-container\">\n\t\t\t\t\t<h2 class=\"elementor-heading-title elementor-size-default\">Vitaly Peretyachenko<\/h2>\t\t\t\t<\/div>\n\t\t\t\t<\/div>\n\t\t\t\t<div class=\"elementor-element elementor-element-7358ef5 elementor-widget elementor-widget-heading\" data-id=\"7358ef5\" data-element_type=\"widget\" data-e-type=\"widget\" data-widget_type=\"heading.default\">\n\t\t\t\t<div class=\"elementor-widget-container\">\n\t\t\t\t\t<h2 class=\"elementor-heading-title elementor-size-default\">Co-Fondator & CEO <br>\nArhitectur\u0103 de Sistem, Strategie de Infrastructur\u0103, Inginerie Aplicat\u0103<\/h2>\t\t\t\t<\/div>\n\t\t\t\t<\/div>\n\t\t<div class=\"elementor-element elementor-element-071f7ed e-grid e-con-full e-con e-child\" data-id=\"071f7ed\" data-element_type=\"container\" data-e-type=\"container\">\n\t\t\t\t<div class=\"elementor-element elementor-element-03ed1ce elementor-widget elementor-widget-image\" data-id=\"03ed1ce\" data-element_type=\"widget\" data-e-type=\"widget\" data-widget_type=\"image.default\">\n\t\t\t\t<div class=\"elementor-widget-container\">\n\t\t\t\t\t\t\t\t\t\t\t\t\t\t\t<img fetchpriority=\"high\" decoding=\"async\" width=\"683\" height=\"1024\" src=\"https:\/\/vendor.energy\/wp-content\/uploads\/2025\/06\/Vitaly-Peretyachenko-683x1024.png\" class=\"attachment-large size-large wp-image-3793\" alt=\"VENDOR.Energy\u2122 offers innovative energy solutions for homes and businesses.\" srcset=\"https:\/\/vendor.energy\/wp-content\/uploads\/2025\/06\/Vitaly-Peretyachenko-683x1024.png 683w, https:\/\/vendor.energy\/wp-content\/uploads\/2025\/06\/Vitaly-Peretyachenko-200x300.png 200w, https:\/\/vendor.energy\/wp-content\/uploads\/2025\/06\/Vitaly-Peretyachenko-768x1152.png 768w, https:\/\/vendor.energy\/wp-content\/uploads\/2025\/06\/Vitaly-Peretyachenko-720x1080.png 720w, https:\/\/vendor.energy\/wp-content\/uploads\/2025\/06\/Vitaly-Peretyachenko.png 832w\" sizes=\"(max-width: 683px) 100vw, 683px\" title=\"\u2013 VENDOR.Energy\u2122\">\t\t\t\t\t\t\t\t\t\t\t\t\t\t\t<\/div>\n\t\t\t\t<\/div>\n\t\t\t\t<div class=\"elementor-element elementor-element-607526c elementor-widget elementor-widget-text-editor\" data-id=\"607526c\" data-element_type=\"widget\" data-e-type=\"widget\" data-widget_type=\"text-editor.default\">\n\t\t\t\t<div class=\"elementor-widget-container\">\n\t\t\t\t\t\t\t\t\t\n\n<p>Experien\u021ba profesional\u0103 a lui Vitaly combin\u0103 medicina, infrastructura IT \u0219i ingineria sistemelor la scar\u0103 mare.<\/p>\n\n<p>Activitatea timpurie \u00een terapie intensiv\u0103 \u0219i chirurgie a format un principiu fundamental:<\/p>\n\n<p><em>sistemele responsabile pentru siguran\u021ba uman\u0103 trebuie s\u0103 fie deterministe, verificabile \u0219i con\u0219tiente de modurile de avarie.<\/em><\/p>\n\n<p>\u00cen paralel cu activitatea clinic\u0103, a dezvoltat solu\u021bii de telemedicin\u0103 \u0219i sisteme digitale medicale, ulterior gestion\u00e2nd proiecte inginere\u0219ti de infrastructur\u0103.<\/p>\n\n<p>La VENDOR, responsabilit\u0103\u021bile sale includ:<\/p>\n\n<ul>\n  <li>Arhitectur\u0103 de sistem \u0219i descompunere func\u021bional\u0103<\/li>\n  <li>Definirea logicii de validare \u0219i a limitelor de testare<\/li>\n  <li>Modelarea riscurilor \u0219i analiza modurilor de defectare<\/li>\n  <li>Alinierea activit\u0103\u021bii inginere\u0219ti cu progresia TRL<\/li>\n  <li>Strategia IP \u0219i disciplina de divulgare<\/li>\n  <li>Integrarea constr\u00e2ngerilor tehnice, regulatorii \u0219i economice<\/li>\n<\/ul>\t\t\t\t\t\t\t\t<\/div>\n\t\t\t\t<\/div>\n\t\t\t\t<\/div>\n\t\t\t\t\t<\/div>\n\t\t\t\t<\/div>\n\t\t<div class=\"elementor-element elementor-element-38ea260 e-flex e-con-boxed e-con e-parent\" data-id=\"38ea260\" data-element_type=\"container\" data-e-type=\"container\" data-settings=\"{&quot;background_background&quot;:&quot;classic&quot;}\">\n\t\t\t\t\t<div class=\"e-con-inner\">\n\t\t\t\t<div class=\"elementor-element elementor-element-deb2ea4 elementor-widget elementor-widget-heading\" data-id=\"deb2ea4\" data-element_type=\"widget\" data-e-type=\"widget\" data-widget_type=\"heading.default\">\n\t\t\t\t<div class=\"elementor-widget-container\">\n\t\t\t\t\t<h2 class=\"elementor-heading-title elementor-size-default\">Oleg Hartman<\/h2>\t\t\t\t<\/div>\n\t\t\t\t<\/div>\n\t\t\t\t<div class=\"elementor-element elementor-element-fcba5c3 elementor-widget elementor-widget-heading\" data-id=\"fcba5c3\" data-element_type=\"widget\" data-e-type=\"widget\" data-widget_type=\"heading.default\">\n\t\t\t\t<div class=\"elementor-widget-container\">\n\t\t\t\t\t<h2 class=\"elementor-heading-title elementor-size-default\">Co-Fondator & CTO<br> electronic\u0103 de putere, sisteme de control, arhitectur\u0103 industrial\u0103<\/h2>\t\t\t\t<\/div>\n\t\t\t\t<\/div>\n\t\t<div class=\"elementor-element elementor-element-c93ecbd e-grid e-con-full e-con e-child\" data-id=\"c93ecbd\" data-element_type=\"container\" data-e-type=\"container\">\n\t\t\t\t<div class=\"elementor-element elementor-element-88625f7 elementor-widget elementor-widget-image\" data-id=\"88625f7\" data-element_type=\"widget\" data-e-type=\"widget\" data-widget_type=\"image.default\">\n\t\t\t\t<div class=\"elementor-widget-container\">\n\t\t\t\t\t\t\t\t\t\t\t\t\t\t\t<img decoding=\"async\" width=\"1024\" height=\"1024\" src=\"https:\/\/vendor.energy\/wp-content\/uploads\/2025\/06\/oleg-k.jpg\" class=\"attachment-large size-large wp-image-3739\" alt=\"Portrait of a team member at VENDOR.Energy\u2122 with a geometric art style.\" srcset=\"https:\/\/vendor.energy\/wp-content\/uploads\/2025\/06\/oleg-k.jpg 1024w, https:\/\/vendor.energy\/wp-content\/uploads\/2025\/06\/oleg-k-300x300.jpg 300w, https:\/\/vendor.energy\/wp-content\/uploads\/2025\/06\/oleg-k-150x150.jpg 150w, https:\/\/vendor.energy\/wp-content\/uploads\/2025\/06\/oleg-k-768x768.jpg 768w, https:\/\/vendor.energy\/wp-content\/uploads\/2025\/06\/oleg-k-720x720.jpg 720w\" sizes=\"(max-width: 1024px) 100vw, 1024px\" title=\"\u2013 VENDOR.Energy\u2122\">\t\t\t\t\t\t\t\t\t\t\t\t\t\t\t<\/div>\n\t\t\t\t<\/div>\n\t\t\t\t<div class=\"elementor-element elementor-element-e7dd094 elementor-widget elementor-widget-text-editor\" data-id=\"e7dd094\" data-element_type=\"widget\" data-e-type=\"widget\" data-widget_type=\"text-editor.default\">\n\t\t\t\t<div class=\"elementor-widget-container\">\n\t\t\t\t\t\t\t\t\t<p>Oleg este inginer specializat \u00een electronic\u0103 de putere industrial\u0103 \u0219i sisteme de control destinate mediilor \u00een care toleran\u021ba la defec\u021biuni este minim\u0103, iar comportamentul sistemului trebuie s\u0103 r\u0103m\u00e2n\u0103 predictibil sub sarcin\u0103 \u0219i \u00een regim de func\u021bionare continu\u0103.<\/p>\n\n<p>Experien\u021ba sa profesional\u0103 include proiectarea \u0219i implementarea sistemelor de putere utilizate \u00een aplica\u021bii critice, unde stabilitatea electric\u0103, managementul termic \u0219i fiabilitatea controlului reprezint\u0103 constr\u00e2ngeri fundamentale.<\/p>\n\n<p>Competen\u021be tehnice relevante pentru VENDOR:<\/p>\n\n<ul>\n  <li>Proiectarea sistemelor de conversie a puterii de la c\u00e2\u021biva kW p\u00e2n\u0103 la instala\u021bii de ordinul MW<\/li>\n  <li>Topologii de invertoare \u0219i convertoare pentru sarcini industriale<\/li>\n  <li>Metode de control vectorial \u0219i scalar pentru etaje de putere<\/li>\n  <li>Regimuri de pornire controlat\u0103, pornire direct\u0103 \u0219i func\u021bionare tolerant\u0103 la defecte<\/li>\n  <li>Proiectarea driverelor pentru elemente de comuta\u021bie de mare putere (IGBT, tiristoare)<\/li>\n  <li>Integrarea sistemelor de m\u0103surare, telemetrie \u0219i protec\u021bie<\/li>\n  <li>Management termic \u0219i selec\u021bia componentelor orientat\u0103 spre durat\u0103 de via\u021b\u0103<\/li>\n<\/ul>\n\n<p>\u00cen cadrul VENDOR, Oleg este responsabil pentru:<\/p>\n\n<ul>\n  <li>Arhitectura general\u0103 a sistemului de putere<\/li>\n  <li>Logica de control a regimurilor de func\u021bionare<\/li>\n  <li>Sisteme de siguran\u021b\u0103 \u0219i protec\u021bie<\/li>\n  <li>Scalarea configura\u021biilor multi-modul<\/li>\n  <li>Corelarea comportamentului fizic cu modelele de control<\/li>\n<\/ul>\t\t\t\t\t\t\t\t<\/div>\n\t\t\t\t<\/div>\n\t\t\t\t<\/div>\n\t\t<div class=\"elementor-element elementor-element-af44253 e-con-full e-flex e-con e-child\" data-id=\"af44253\" data-element_type=\"container\" data-e-type=\"container\" data-settings=\"{&quot;background_background&quot;:&quot;classic&quot;}\">\n\t\t\t\t<div class=\"elementor-element elementor-element-52a6297 elementor-widget elementor-widget-heading\" data-id=\"52a6297\" data-element_type=\"widget\" data-e-type=\"widget\" data-widget_type=\"heading.default\">\n\t\t\t\t<div class=\"elementor-widget-container\">\n\t\t\t\t\t<h2 class=\"elementor-heading-title elementor-size-default\">Oleg Shnaider<\/h2>\t\t\t\t<\/div>\n\t\t\t\t<\/div>\n\t\t\t\t<div class=\"elementor-element elementor-element-903c9b2 elementor-widget elementor-widget-heading\" data-id=\"903c9b2\" data-element_type=\"widget\" data-e-type=\"widget\" data-widget_type=\"heading.default\">\n\t\t\t\t<div class=\"elementor-widget-container\">\n\t\t\t\t\t<h2 class=\"elementor-heading-title elementor-size-default\">Arhitect de sistem \u2014 electronic\u0103 de mare vitez\u0103, FPGA, circuite de putere<\/h2>\t\t\t\t<\/div>\n\t\t\t\t<\/div>\n\t\t<div class=\"elementor-element elementor-element-4074030 e-grid e-con-full e-con e-child\" data-id=\"4074030\" data-element_type=\"container\" data-e-type=\"container\">\n\t\t\t\t<div class=\"elementor-element elementor-element-bd1186d elementor-widget elementor-widget-image\" data-id=\"bd1186d\" data-element_type=\"widget\" data-e-type=\"widget\" data-widget_type=\"image.default\">\n\t\t\t\t<div class=\"elementor-widget-container\">\n\t\t\t\t\t\t\t\t\t\t\t\t\t\t\t<img decoding=\"async\" width=\"1024\" height=\"1024\" src=\"https:\/\/vendor.energy\/wp-content\/uploads\/2025\/06\/oleg-g.jpg\" class=\"attachment-large size-large wp-image-3965\" alt=\"Professional man portrait with dark background, representing VENDOR.Energy\u2122 team.\" srcset=\"https:\/\/vendor.energy\/wp-content\/uploads\/2025\/06\/oleg-g.jpg 1024w, https:\/\/vendor.energy\/wp-content\/uploads\/2025\/06\/oleg-g-300x300.jpg 300w, https:\/\/vendor.energy\/wp-content\/uploads\/2025\/06\/oleg-g-150x150.jpg 150w, https:\/\/vendor.energy\/wp-content\/uploads\/2025\/06\/oleg-g-768x768.jpg 768w, https:\/\/vendor.energy\/wp-content\/uploads\/2025\/06\/oleg-g-720x720.jpg 720w\" sizes=\"(max-width: 1024px) 100vw, 1024px\" title=\"\u2013 VENDOR.Energy\u2122\">\t\t\t\t\t\t\t\t\t\t\t\t\t\t\t<\/div>\n\t\t\t\t<\/div>\n\t\t\t\t<div class=\"elementor-element elementor-element-1035bdd elementor-widget elementor-widget-text-editor\" data-id=\"1035bdd\" data-element_type=\"widget\" data-e-type=\"widget\" data-widget_type=\"text-editor.default\">\n\t\t\t\t<div class=\"elementor-widget-container\">\n\t\t\t\t\t\t\t\t\t<p>Oleg este arhitect hardware specializat \u00een electronic\u0103 de mare vitez\u0103, control FPGA \u0219i circuite de putere de precizie.<\/p>\n\n<p>Experien\u021ba sa se concentreaz\u0103 pe sisteme care func\u021bioneaz\u0103 aproape de limitele fizice \u0219i electrice, unde precizia temporal\u0103 \u0219i comportamentul determinist sunt esen\u021biale.<\/p>\n\n<p>Competen\u021be relevante pentru VENDOR:<\/p>\n\n<ul>\n  <li>Proiectarea circuitelor digitale \u0219i analog-mixte de mare vitez\u0103<\/li>\n  <li>Logic\u0103 de control FPGA \u0219i procesare \u00een timp real<\/li>\n  <li>Coordonare temporal\u0103 precis\u0103 \u00eentre domenii hardware<\/li>\n  <li>Logici de protec\u021bie pentru evenimente tranzitorii rapide<\/li>\n  <li>Optimizarea circuitelor de putere pentru stabilitate \u0219i eficien\u021b\u0103<\/li>\n  <li>Imunitate la zgomot \u0219i proiectare EMC<\/li>\n  <li>Validarea \u0219i depanarea sistemelor multi-plac\u0103 complexe<\/li>\n<\/ul>\n\n<p>La VENDOR, el este responsabil pentru:<\/p>\n\n<ul>\n  <li>Arhitectura hardware a blocurilor de control \u0219i sincronizare<\/li>\n  <li>Logica FPGA pentru coordonare multi-modul<\/li>\n  <li>Gestionarea precis\u0103 a timpilor \u0219i pragurilor<\/li>\n  <li>Comportament determinist \u00een toate regimurile de func\u021bionare<\/li>\n<\/ul>\t\t\t\t\t\t\t\t<\/div>\n\t\t\t\t<\/div>\n\t\t\t\t<\/div>\n\t\t\t\t<\/div>\n\t\t\t\t\t<\/div>\n\t\t\t\t<\/div>\n\t\t<div class=\"elementor-element elementor-element-dd68cb4 e-flex e-con-boxed e-con e-parent\" data-id=\"dd68cb4\" data-element_type=\"container\" data-e-type=\"container\" data-settings=\"{&quot;background_background&quot;:&quot;classic&quot;}\">\n\t\t\t\t\t<div class=\"e-con-inner\">\n\t\t\t\t<div class=\"elementor-element elementor-element-adad22b elementor-widget elementor-widget-heading\" data-id=\"adad22b\" data-element_type=\"widget\" data-e-type=\"widget\" data-widget_type=\"heading.default\">\n\t\t\t\t<div class=\"elementor-widget-container\">\n\t\t\t\t\t<h2 class=\"elementor-heading-title elementor-size-default\">O Echip\u0103 Construit\u0103 Pentru Probleme Dificile<\/h2>\t\t\t\t<\/div>\n\t\t\t\t<\/div>\n\t\t\t\t<div class=\"elementor-element elementor-element-da476af elementor-widget elementor-widget-text-editor\" data-id=\"da476af\" data-element_type=\"widget\" data-e-type=\"widget\" data-widget_type=\"text-editor.default\">\n\t\t\t\t<div class=\"elementor-widget-container\">\n\t\t\t\t\t\t\t\t\t<p>Aceast\u0103 echip\u0103 nu a fost format\u0103 pentru prezentare. Ea s-a constituit \u00een jurul unei probleme tehnice care nu admite scurt\u0103turi.<\/p>\n\n<p>Ceea ce ne une\u0219te nu sunt titlurile, ci postura inginereasc\u0103:<\/p>\n\n<ul>\n  <li>Proiect\u0103m sisteme care trebuie s\u0103 r\u0103m\u00e2n\u0103 stabile \u00een condi\u021bii de incertitudine<\/li>\n  <li>Analiz\u0103m modurile de defectare \u00eenainte ca acestea s\u0103 apar\u0103<\/li>\n  <li>Valid\u0103m comportamentul, nu nara\u021biunile<\/li>\n  <li>Trat\u0103m siguran\u021ba \u0219i repetabilitatea ca cerin\u021be de prim ordin<\/li>\n<\/ul>\n\n<p>Echipa lucreaz\u0103 transversal pe:<\/p>\n\n<ul>\n  <li>hardware de \u00eenalt\u0103 tensiune<\/li>\n  <li>regimuri de func\u021bionare neliniare<\/li>\n  <li>sisteme de control cu constr\u00e2ngeri stricte de timp<\/li>\n  <li>arhitecturi care trebuie s\u0103 treac\u0103 valid\u0103ri independente<\/li>\n<\/ul>\n\n<p>Oamenii au ajuns la VENDOR nu prin campanii de recrutare, ci prin recunoa\u0219terea provoc\u0103rii.<\/p>\n\n<p>Dac\u0103 \u00eentrebarea este dac\u0103 aceast\u0103 echip\u0103 poate duce tehnologia mai departe:<\/p>\n\n<p><strong>sistemul ofer\u0103 deja r\u0103spunsul.<\/strong><\/p>\t\t\t\t\t\t\t\t<\/div>\n\t\t\t\t<\/div>\n\t\t\t\t\t<\/div>\n\t\t\t\t<\/div>\n\t\t\t\t<\/div>\n\t\t","protected":false},"excerpt":{"rendered":"<p>Echipa de baz\u0103 Nu prezent\u0103m personalit\u0103\u021bi. Prezent\u0103m responsabilitate inginereasc\u0103. \u00cen sistemele energetice deep-tech, expunerea timpurie a persoanelor echivaleaz\u0103 adesea cu expunerea timpurie a arhitecturii. VENDOR opereaz\u0103 \u00een domenii ce implic\u0103 electronic\u0103 de \u00eenalt\u0103 tensiune, logic\u0103 de control \u0219i proprietate intelectual\u0103 la nivel de sistem. Vizibilitatea prematur\u0103 cre\u0219te riscurile tehnice \u0219i opera\u021bionale \u2014 nu transparen\u021ba. R\u0103m\u00e2nem [&hellip;]<\/p>\n","protected":false},"author":1,"featured_media":0,"parent":0,"menu_order":1,"comment_status":"closed","ping_status":"closed","template":"elementor_header_footer","meta":{"footnotes":""},"class_list":["post-3738","page","type-page","status-publish","hentry"],"_links":{"self":[{"href":"https:\/\/vendor.energy\/ro\/wp-json\/wp\/v2\/pages\/3738","targetHints":{"allow":["GET"]}}],"collection":[{"href":"https:\/\/vendor.energy\/ro\/wp-json\/wp\/v2\/pages"}],"about":[{"href":"https:\/\/vendor.energy\/ro\/wp-json\/wp\/v2\/types\/page"}],"author":[{"embeddable":true,"href":"https:\/\/vendor.energy\/ro\/wp-json\/wp\/v2\/users\/1"}],"replies":[{"embeddable":true,"href":"https:\/\/vendor.energy\/ro\/wp-json\/wp\/v2\/comments?post=3738"}],"version-history":[{"count":19,"href":"https:\/\/vendor.energy\/ro\/wp-json\/wp\/v2\/pages\/3738\/revisions"}],"predecessor-version":[{"id":14383,"href":"https:\/\/vendor.energy\/ro\/wp-json\/wp\/v2\/pages\/3738\/revisions\/14383"}],"wp:attachment":[{"href":"https:\/\/vendor.energy\/ro\/wp-json\/wp\/v2\/media?parent=3738"}],"curies":[{"name":"wp","href":"https:\/\/api.w.org\/{rel}","templated":true}]}}