{"id":3672,"date":"2025-06-26T00:16:35","date_gmt":"2025-06-25T21:16:35","guid":{"rendered":"https:\/\/vendor.energy\/contact-us\/"},"modified":"2026-01-02T20:57:28","modified_gmt":"2026-01-02T17:57:28","slug":"contact-verificat","status":"publish","type":"page","link":"https:\/\/vendor.energy\/ro\/contact-verificat\/","title":{"rendered":"Contacta\u021bi-ne"},"content":{"rendered":"\t\t<div data-elementor-type=\"wp-page\" data-elementor-id=\"3672\" class=\"elementor elementor-3672 elementor-856\" data-elementor-post-type=\"page\">\n\t\t\t\t<div class=\"elementor-element elementor-element-291deb3 e-flex e-con-boxed e-con e-parent\" data-id=\"291deb3\" data-element_type=\"container\" data-e-type=\"container\" data-settings=\"{&quot;background_background&quot;:&quot;classic&quot;}\">\n\t\t\t\t\t<div class=\"e-con-inner\">\n\t\t\t\t<div class=\"elementor-element elementor-element-3280031 elementor-widget elementor-widget-heading\" data-id=\"3280031\" data-element_type=\"widget\" data-e-type=\"widget\" data-widget_type=\"heading.default\">\n\t\t\t\t<div class=\"elementor-widget-container\">\n\t\t\t\t\t<h2 class=\"elementor-heading-title elementor-size-default\">Accesul nu e automat. Se c\u00e2\u0219tig\u0103.<\/h2>\t\t\t\t<\/div>\n\t\t\t\t<\/div>\n\t\t\t\t<div class=\"elementor-element elementor-element-d34f458 elementor-widget elementor-widget-heading\" data-id=\"d34f458\" data-element_type=\"widget\" data-e-type=\"widget\" data-widget_type=\"heading.default\">\n\t\t\t\t<div class=\"elementor-widget-container\">\n\t\t\t\t\t<h2 class=\"elementor-heading-title elementor-size-default\">Poate c\u0103 nu e nevoie, de fapt.<\/h2>\t\t\t\t<\/div>\n\t\t\t\t<\/div>\n\t\t\t\t\t<\/div>\n\t\t\t\t<\/div>\n\t\t<div class=\"elementor-element elementor-element-ae7ff25 e-flex e-con-boxed e-con e-parent\" data-id=\"ae7ff25\" data-element_type=\"container\" data-e-type=\"container\">\n\t\t\t\t\t<div class=\"e-con-inner\">\n\t\t<div class=\"elementor-element elementor-element-c58ef9b e-con-full e-flex e-con e-child\" data-id=\"c58ef9b\" data-element_type=\"container\" data-e-type=\"container\">\n\t\t<div class=\"elementor-element elementor-element-a4c5116 e-grid e-con-full e-con e-child\" data-id=\"a4c5116\" data-element_type=\"container\" data-e-type=\"container\">\n\t\t\t\t<div class=\"elementor-element elementor-element-2d8ed98 elementor-widget elementor-widget-text-editor\" data-id=\"2d8ed98\" data-element_type=\"widget\" data-e-type=\"widget\" data-widget_type=\"text-editor.default\">\n\t\t\t\t<div class=\"elementor-widget-container\">\n\t\t\t\t\t\t\t\t\t<p>Nu folosim chat live.<br \/>Nu accept\u0103m apeluri neprogramate.<br \/>Nu r\u0103spundem la email-uri \u00een mas\u0103, contact\u0103ri automatizate sau oferte comerciale nesolicitate.<br \/>Nu suntem aici pentru a maximiza traficul din inbox \u2014 suntem aici pentru a minimiza zgomotul \u0219i a proteja integritatea muncii concentrate.<\/p><p class=\"p4\"><b>R\u0103spundem \u2014 dar doar c\u00e2nd relevan\u021ba, claritatea \u0219i inten\u021bia comun\u0103 sunt inconfundabile.<\/b><b><\/b><\/p><p class=\"p3\">Credem c\u0103 comunicarea ar trebui s\u0103 serveasc\u0103 scopului, nu protocolului.<\/p><p class=\"p3\">Dac\u0103 \u00een\u021belege\u021bi aceasta, suntem deja alinia\u021bi.<\/p><h4 class=\"p3\">V\u0103 rug\u0103m s\u0103 ne contacta\u021bi doar dac\u0103:<\/h4><p class=\"p3\">\u2013 Reprezenta\u021bi un <span class=\"s2\"><b>partener strategic sau industrial<\/b><\/span> cu un caz de utilizare clar definit<\/p><p class=\"p3\">\u2013 Sunte\u021bi un <span class=\"s2\"><b>investitor acreditat<\/b><\/span> cu experien\u021b\u0103 \u00een tehnologia avansat\u0103, infrastructur\u0103 sau venture-uri sus\u021binute \u0219tiin\u021bific<\/p><p class=\"p4\"><span class=\"s3\">\u2013 Lucra\u021bi \u00eentr-un <\/span><b>organism de certificare, institu\u021bie de standarde sau autoritate de reglementare<\/b><b><\/b><\/p><p class=\"p4\"><span class=\"s3\">\u2013 Sau ave\u021bi un motiv \u00eenr\u0103d\u0103cinat \u00een <\/span><b>probleme reale, termene reale \u0219i rezultate reale<\/b><b><\/b><\/p><p class=\"p3\">Dac\u0103 mesajul dvs. nu \u00eendepline\u0219te acel prag \u2014<\/p><p class=\"p4\"><b>nu este necesar\u0103 nicio ac\u021biune. Nu va urma niciun r\u0103spuns.<\/b><b><\/b><\/p><p class=\"p3\">Pre\u021buim aten\u021bia. Pre\u021buim a voastr\u0103 la fel de mult pe c\u00e2t pre\u021buim a noastr\u0103.<\/p><p class=\"p3\">Lumea are prea mult zgomot. Alegem s\u0103 construim \u00een semnal.<\/p><h4>Politica de Email Verificat<\/h4><p class=\"p3\">Pentru a men\u021bine contactul sigur, relevant \u0219i trasabil,<\/p><p class=\"p4\"><b>r\u0103spundem doar la adrese de email verificate, profesionale<\/b><span class=\"s2\">.<\/span><\/p><p class=\"p3\">V\u0103 rug\u0103m s\u0103 evita\u021bi folosirea:<\/p><p class=\"p3\">\u2013 inbox-urilor temporare<\/p><p class=\"p3\">\u2013 serviciilor de rutare anonimizate<\/p><p class=\"p3\">\u2013 email-urilor personale netrasabile, f\u0103r\u0103 leg\u0103tur\u0103 cu domeniul sau inten\u021bia dvs.<\/p><p class=\"p3\">Email-ul dvs. ar trebui s\u0103 reflecte <span class=\"s3\"><b>rolul<\/b><\/span>, <span class=\"s3\"><b>organiza\u021bia<\/b><\/span> sau <span class=\"s3\"><b>capacitatea profesional\u0103<\/b><\/span> \u2014 clar \u0219i credibil.<\/p><p class=\"p3\">Aceasta ne ajut\u0103 s\u0103 distingem \u00eentre inten\u021bia serioas\u0103 \u0219i zgomot \u0219i asigur\u0103 c\u0103 mesajul dvs. ajunge la persoana potrivit\u0103 din partea noastr\u0103.<\/p><p class=\"p3\">Suntem angaja\u021bi \u00een dialogul g\u00e2ndit, dar nu ne angaj\u0103m \u00een comunicarea anonim\u0103 sau neverificabil\u0103.<\/p><p class=\"p3\">Dac\u0103 solicitarea dvs. este genuin\u0103, email-ul dvs. ar trebui s\u0103 fie la fel.<\/p>\t\t\t\t\t\t\t\t<\/div>\n\t\t\t\t<\/div>\n\t\t<div class=\"elementor-element elementor-element-cfe0c9f e-con-full e-flex e-con e-child\" data-id=\"cfe0c9f\" data-element_type=\"container\" data-e-type=\"container\">\n\t\t\t\t<div class=\"elementor-element elementor-element-08a7b20 elementor-widget elementor-widget-shortcode\" data-id=\"08a7b20\" data-element_type=\"widget\" data-e-type=\"widget\" data-widget_type=\"shortcode.default\">\n\t\t\t\t<div class=\"elementor-widget-container\">\n\t\t\t\t\t\t\t<div class=\"elementor-shortcode\">\n<div class=\"wpcf7 no-js\" id=\"wpcf7-f3665-o1\" lang=\"ro-RO\" dir=\"ltr\" data-wpcf7-id=\"3665\">\n<div class=\"screen-reader-response\"><p role=\"status\" aria-live=\"polite\" aria-atomic=\"true\"><\/p> <ul><\/ul><\/div>\n<form action=\"\/ro\/wp-json\/wp\/v2\/pages\/3672#wpcf7-f3665-o1\" method=\"post\" class=\"wpcf7-form init\" aria-label=\"Formular de contact\" novalidate=\"novalidate\" data-status=\"init\">\n<fieldset class=\"hidden-fields-container\"><input type=\"hidden\" name=\"_wpcf7\" value=\"3665\" \/><input type=\"hidden\" name=\"_wpcf7_version\" value=\"6.1.5\" \/><input type=\"hidden\" name=\"_wpcf7_locale\" value=\"ro_RO\" \/><input type=\"hidden\" name=\"_wpcf7_unit_tag\" value=\"wpcf7-f3665-o1\" \/><input type=\"hidden\" name=\"_wpcf7_container_post\" value=\"0\" \/><input type=\"hidden\" name=\"_wpcf7_posted_data_hash\" value=\"\" \/>\n<\/fieldset>\n<div class=\"form-header\">\n\t<h3>Contact Form\n\t<\/h3>\n<\/div>\n<div class=\"form-field\">\n\t<p><label for=\"full-name\">Full Name:<\/label><br \/>\n<span class=\"wpcf7-form-control-wrap\" data-name=\"full-name\"><input size=\"40\" maxlength=\"400\" class=\"wpcf7-form-control wpcf7-text wpcf7-validates-as-required\" id=\"full-name\" aria-required=\"true\" aria-invalid=\"false\" placeholder=\"Enter your full name\" value=\"\" type=\"text\" name=\"full-name\" \/><\/span>\n\t<\/p>\n<\/div>\n<div class=\"form-field\">\n\t<p><label for=\"email\">Verified Email:<\/label><br \/>\n<span class=\"wpcf7-form-control-wrap\" data-name=\"email\"><input size=\"40\" maxlength=\"400\" class=\"wpcf7-form-control wpcf7-email wpcf7-validates-as-required wpcf7-text wpcf7-validates-as-email\" id=\"email\" aria-required=\"true\" aria-invalid=\"false\" placeholder=\"your@email.com\" value=\"\" type=\"email\" name=\"email\" \/><\/span>\n\t<\/p>\n<\/div>\n<div class=\"form-field\">\n\t<p><label for=\"phone\">Phone Number:<\/label><br \/>\n<span class=\"wpcf7-form-control-wrap\" data-name=\"phone\"><input size=\"40\" maxlength=\"400\" class=\"wpcf7-form-control wpcf7-tel wpcf7-validates-as-required wpcf7-text wpcf7-validates-as-tel\" id=\"phone\" aria-required=\"true\" aria-invalid=\"false\" placeholder=\"+1 (555) 123-4567\" value=\"\" type=\"tel\" name=\"phone\" \/><\/span>\n\t<\/p>\n<\/div>\n<div class=\"form-field\">\n\t<p><label for=\"role\">Your Role or Position:<\/label><br \/>\n<span class=\"wpcf7-form-control-wrap\" data-name=\"role\"><input size=\"40\" maxlength=\"400\" class=\"wpcf7-form-control wpcf7-text wpcf7-validates-as-required\" id=\"role\" aria-required=\"true\" aria-invalid=\"false\" placeholder=\"e.g. Investment Manager at Novus Capital, CTO at OffGrid Systems, Independent Researcher, etc.\" value=\"\" type=\"text\" name=\"role\" \/><\/span><br \/>\n<small class=\"field-hint\">Examples: \"CTO at X Robotics\", \"Investor at Evergreen Ventures\", \"Independent analyst, energy systems\", \"Head of Innovation, Public Infrastructure Dept.\", \"Private individual, exploring potential investment\"<\/small>\n\t<\/p>\n<\/div>\n<div class=\"form-field\">\n\t<p><label>Reason for Contact:<\/label><br \/>\n<span class=\"wpcf7-form-control-wrap\" data-name=\"contact-reason\"><span class=\"wpcf7-form-control wpcf7-checkbox\"><span class=\"wpcf7-list-item first\"><label><input type=\"checkbox\" name=\"contact-reason[]\" value=\"Strategic Partnership\" \/><span class=\"wpcf7-list-item-label\">Strategic Partnership<\/span><\/label><\/span><span class=\"wpcf7-list-item\"><label><input type=\"checkbox\" name=\"contact-reason[]\" value=\"Investment Inquiry\" \/><span class=\"wpcf7-list-item-label\">Investment Inquiry<\/span><\/label><\/span><span class=\"wpcf7-list-item\"><label><input type=\"checkbox\" name=\"contact-reason[]\" value=\"Standards \/ Certification \/ Regulatory\" \/><span class=\"wpcf7-list-item-label\">Standards \/ Certification \/ Regulatory<\/span><\/label><\/span><span class=\"wpcf7-list-item last\"><label><input type=\"checkbox\" name=\"contact-reason[]\" value=\"Other (please specify)\" \/><span class=\"wpcf7-list-item-label\">Other (please specify)<\/span><\/label><\/span><\/span><\/span>\n\t<\/p>\n<\/div>\n<div class=\"form-field conditional-field\" id=\"other-reason-field\" style=\"display:none;\">\n\t<p><label for=\"other-reason\">Please specify other reason:<\/label><br \/>\n<span class=\"wpcf7-form-control-wrap\" data-name=\"other-reason\"><input size=\"40\" maxlength=\"400\" class=\"wpcf7-form-control wpcf7-text\" id=\"other-reason\" aria-invalid=\"false\" placeholder=\"Please describe your specific reason for contact...\" value=\"\" type=\"text\" name=\"other-reason\" \/><\/span>\n\t<\/p>\n<\/div>\n<div class=\"form-field\">\n\t<p><label for=\"message\">Message:<\/label><br \/>\n<span class=\"wpcf7-form-control-wrap\" data-name=\"message\"><textarea cols=\"40\" rows=\"10\" maxlength=\"2000\" class=\"wpcf7-form-control wpcf7-textarea wpcf7-validates-as-required\" id=\"message\" aria-required=\"true\" aria-invalid=\"false\" placeholder=\"Please describe your inquiry...\" name=\"message\"><\/textarea><\/span>\n\t<\/p>\n<\/div>\n<div class=\"form-field gdpr-field\">\n\t<p><label class=\"gdpr-label\"><br \/>\n<span class=\"wpcf7-form-control-wrap\" data-name=\"gdpr-consent\"><span class=\"wpcf7-form-control wpcf7-checkbox wpcf7-validates-as-required\"><span class=\"wpcf7-list-item first last\"><label><input type=\"checkbox\" name=\"gdpr-consent[]\" value=\"I agree to the processing of my personal data in accordance with the Privacy Policy\" \/><span class=\"wpcf7-list-item-label\">I agree to the processing of my personal data in accordance with the Privacy Policy<\/span><\/label><\/span><\/span><\/span><br \/>\n<\/label><br \/>\n<small class=\"field-hint\">Required for GDPR compliance. Your data will only be used to respond to your inquiry and will not be shared with third parties.<\/small>\n\t<\/p>\n<\/div>\n<div class=\"form-submit\">\n\t<p><span class=\"wpcf7-form-control-wrap\" data-name=\"hcap-cf7\">\t\t<input\n\t\t\t\ttype=\"hidden\"\n\t\t\t\tclass=\"hcaptcha-widget-id\"\n\t\t\t\tname=\"hcaptcha-widget-id\"\n\t\t\t\tvalue=\"eyJzb3VyY2UiOlsiY29udGFjdC1mb3JtLTdcL3dwLWNvbnRhY3QtZm9ybS03LnBocCJdLCJmb3JtX2lkIjowfQ==-1fa8312f43a46040a6cb3fbf112f4b52\">\n\t\t\t\t<span id=\"hcap_cf7-69fb5de04125d4.75590479\" class=\"wpcf7-form-control h-captcha \"\n\t\t\tdata-sitekey=\"74142074-9b1c-40a2-955e-b810d3e2fde4\"\n\t\t\tdata-theme=\"dark\"\n\t\t\tdata-size=\"invisible\"\n\t\t\tdata-auto=\"false\"\n\t\t\tdata-ajax=\"false\"\n\t\t\tdata-force=\"true\">\n\t\t<\/span>\n\t\t<input type=\"hidden\" id=\"_wpnonce\" name=\"_wpnonce\" value=\"98eafb8de5\" \/><input type=\"hidden\" name=\"_wp_http_referer\" value=\"\/ro\/wp-json\/wp\/v2\/pages\/3672\" \/><\/span><input class=\"wpcf7-form-control wpcf7-submit has-spinner\" type=\"submit\" value=\"Send Request\" \/>\n\t<\/p>\n\t<p class=\"form-note\">We read everything. We reply when it makes sense.\n\t<\/p>\n<\/div><div class=\"wpcf7-response-output\" aria-hidden=\"true\"><\/div>\n<\/form>\n<\/div>\n<\/div>\n\t\t\t\t\t\t<\/div>\n\t\t\t\t<\/div>\n\t\t\t\t<div class=\"elementor-element elementor-element-5957571 elementor-widget elementor-widget-html\" data-id=\"5957571\" data-element_type=\"widget\" data-e-type=\"widget\" data-widget_type=\"html.default\">\n\t\t\t\t<div class=\"elementor-widget-container\">\n\t\t\t\t\t<script>\ndocument.addEventListener('DOMContentLoaded', function() {\n    const checkboxes = document.querySelectorAll('input[name=\"contact-reason[]\"]');\n    const otherField = document.getElementById('other-reason-field');\n    const otherInput = document.getElementById('other-reason');\n    \n    checkboxes.forEach(function(checkbox) {\n        checkbox.addEventListener('change', function() {\n            let otherChecked = false;\n            checkboxes.forEach(function(cb) {\n                if (cb.checked && cb.value === 'Other (please specify)') {\n                    otherChecked = true;\n                }\n            });\n            \n            if (otherChecked) {\n                otherField.style.display = 'block';\n                otherInput.setAttribute('required', 'required');\n                otherInput.setAttribute('aria-required', 'true');\n            } else {\n                otherField.style.display = 'none';\n                otherInput.removeAttribute('required');\n                otherInput.removeAttribute('aria-required');\n                otherInput.value = '';\n            }\n        });\n    });\n});\n<\/script>\t\t\t\t<\/div>\n\t\t\t\t<\/div>\n\t\t\t\t<\/div>\n\t\t\t\t<\/div>\n\t\t\t\t<\/div>\n\t\t\t\t\t<\/div>\n\t\t\t\t<\/div>\n\t\t<div class=\"elementor-element elementor-element-1868ccb e-flex e-con-boxed e-con e-parent\" data-id=\"1868ccb\" data-element_type=\"container\" data-e-type=\"container\">\n\t\t\t\t\t<div class=\"e-con-inner\">\n\t\t\t\t<div class=\"elementor-element elementor-element-dee1e42 elementor-widget elementor-widget-heading\" data-id=\"dee1e42\" data-element_type=\"widget\" data-e-type=\"widget\" data-widget_type=\"heading.default\">\n\t\t\t\t<div class=\"elementor-widget-container\">\n\t\t\t\t\t<h2 class=\"elementor-heading-title elementor-size-default\">Notificare Legal\u0103 \u0219i de Confiden\u021bialitate<\/h2>\t\t\t\t<\/div>\n\t\t\t\t<\/div>\n\t\t\t\t<div class=\"elementor-element elementor-element-9f5f273 elementor-widget elementor-widget-text-editor\" data-id=\"9f5f273\" data-element_type=\"widget\" data-e-type=\"widget\" data-widget_type=\"text-editor.default\">\n\t\t\t\t<div class=\"elementor-widget-container\">\n\t\t\t\t\t\t\t\t\t<p class=\"p1\"><a href=\"https:\/\/microdigitalcorp.com\" target=\"_blank\" rel=\"noopener\">Micro Digital Electronics Corp S.R.L.<\/a><\/p><p class=\"p2\">Entitate juridic\u0103 \u00eenregistrat\u0103 sub dreptul comercial al Uniunii Europene.<\/p><p class=\"p2\">Jurisdic\u021bia brevetului: UE. Proprietatea intelectual\u0103 protejat\u0103 sub tratatele interna\u021bionale \u0219i legea aplicabil\u0103 a brevetelor.<\/p><p class=\"p2\">Informa\u021biile transmise sunt gestionate \u00een conformitate cu <span class=\"s1\">GDPR<\/span> \u0219i reglement\u0103rile relevante de confiden\u021bialitate UE.<\/p><p class=\"p2\"><span class=\"s1\">Nu<\/span> partaj\u0103m, rev\u00e2ndem sau folosim datele personale pentru publicitate sau targetare comportamental\u0103.<\/p><p class=\"p2\">Datele de contact sunt procesate exclusiv \u00een scopul revizuirii \u0219i, dac\u0103 este cazul, r\u0103spunsului la solicitarea dvs.<\/p><p class=\"p1\"><span class=\"s2\">\u2022 <\/span>Niciun cookie de marketing sau script de urm\u0103rire<span class=\"s2\"> nu este activ pe aceast\u0103 pagin\u0103<\/span><\/p><p class=\"p2\">\u2022 Unele servicii \u00eencorporate pot procesa metadate tehnice (ex. adresa IP, tipul dispozitivului) pentru <span class=\"s1\">scopuri de securitate \u0219i livrare<\/span><\/p><p class=\"p1\"><span class=\"s2\">\u2022 <\/span>Cheia public\u0103 PGP disponibil\u0103 la cerere<\/p><p class=\"p2\">\u2022 Coresponden\u021ba juridic\u0103: <a href=\"mailto:info@microdigitalcorp.com\">info@microdigitalcorp.com<\/a><\/p>\t\t\t\t\t\t\t\t<\/div>\n\t\t\t\t<\/div>\n\t\t\t\t\t<\/div>\n\t\t\t\t<\/div>\n\t\t\t\t<\/div>\n\t\t","protected":false},"excerpt":{"rendered":"<p>Accesul nu e automat. Se c\u00e2\u0219tig\u0103. Poate c\u0103 nu e nevoie, de fapt. Nu folosim chat live.Nu accept\u0103m apeluri neprogramate.Nu r\u0103spundem la email-uri \u00een mas\u0103, contact\u0103ri automatizate sau oferte comerciale nesolicitate.Nu suntem aici pentru a maximiza traficul din inbox \u2014 suntem aici pentru a minimiza zgomotul \u0219i a proteja integritatea muncii concentrate. R\u0103spundem \u2014 dar [&hellip;]<\/p>\n","protected":false},"author":1,"featured_media":0,"parent":0,"menu_order":0,"comment_status":"closed","ping_status":"closed","template":"elementor_header_footer","meta":{"footnotes":""},"class_list":["post-3672","page","type-page","status-publish","hentry"],"_links":{"self":[{"href":"https:\/\/vendor.energy\/ro\/wp-json\/wp\/v2\/pages\/3672","targetHints":{"allow":["GET"]}}],"collection":[{"href":"https:\/\/vendor.energy\/ro\/wp-json\/wp\/v2\/pages"}],"about":[{"href":"https:\/\/vendor.energy\/ro\/wp-json\/wp\/v2\/types\/page"}],"author":[{"embeddable":true,"href":"https:\/\/vendor.energy\/ro\/wp-json\/wp\/v2\/users\/1"}],"replies":[{"embeddable":true,"href":"https:\/\/vendor.energy\/ro\/wp-json\/wp\/v2\/comments?post=3672"}],"version-history":[{"count":4,"href":"https:\/\/vendor.energy\/ro\/wp-json\/wp\/v2\/pages\/3672\/revisions"}],"predecessor-version":[{"id":14424,"href":"https:\/\/vendor.energy\/ro\/wp-json\/wp\/v2\/pages\/3672\/revisions\/14424"}],"wp:attachment":[{"href":"https:\/\/vendor.energy\/ro\/wp-json\/wp\/v2\/media?parent=3672"}],"curies":[{"name":"wp","href":"https:\/\/api.w.org\/{rel}","templated":true}]}}