{"id":13545,"date":"2026-01-01T15:36:47","date_gmt":"2026-01-01T12:36:47","guid":{"rendered":"https:\/\/vendor.energy\/history\/"},"modified":"2026-01-02T20:35:44","modified_gmt":"2026-01-02T17:35:44","slug":"istoric","status":"publish","type":"page","link":"https:\/\/vendor.energy\/ro\/istoric\/","title":{"rendered":"Istoric"},"content":{"rendered":"\t\t<div data-elementor-type=\"wp-page\" data-elementor-id=\"13545\" class=\"elementor elementor-13545 elementor-13525\" data-elementor-post-type=\"page\">\n\t\t\t\t<div class=\"elementor-element elementor-element-3b722ad e-flex e-con-boxed e-con e-parent\" data-id=\"3b722ad\" data-element_type=\"container\" data-e-type=\"container\" data-settings=\"{&quot;background_background&quot;:&quot;classic&quot;}\">\n\t\t\t\t\t<div class=\"e-con-inner\">\n\t\t\t\t<div class=\"elementor-element elementor-element-351d9c5 elementor-widget elementor-widget-heading\" data-id=\"351d9c5\" data-element_type=\"widget\" data-e-type=\"widget\" data-widget_type=\"heading.default\">\n\t\t\t\t<div class=\"elementor-widget-container\">\n\t\t\t\t\t<h1 class=\"elementor-heading-title elementor-size-default\">Istoric<\/h1>\t\t\t\t<\/div>\n\t\t\t\t<\/div>\n\t\t\t\t<div class=\"elementor-element elementor-element-0471be6 elementor-widget elementor-widget-heading\" data-id=\"0471be6\" data-element_type=\"widget\" data-e-type=\"widget\" data-widget_type=\"heading.default\">\n\t\t\t\t<div class=\"elementor-widget-container\">\n\t\t\t\t\t<h3 class=\"elementor-heading-title elementor-size-default\">Cercetarea mai \u00eent\u00e2i. Compania mai t\u00e2rziu.<\/h3>\t\t\t\t<\/div>\n\t\t\t\t<\/div>\n\t\t\t\t<div class=\"elementor-element elementor-element-03c902f elementor-widget elementor-widget-text-editor\" data-id=\"03c902f\" data-element_type=\"widget\" data-e-type=\"widget\" data-widget_type=\"text-editor.default\">\n\t\t\t\t<div class=\"elementor-widget-container\">\n\t\t\t\t\t\t\t\t\t<p class=\"p1\">Proiectul <span class=\"s1\"><b>VENDOR<\/b><\/span> a \u00eenceput ca un efort independent de cercetare pe termen lung \u00een domeniul sistemelor electrodinamice neliniare \u0219i al arhitecturilor energetice bazate pe regimuri.<\/p>\n<p class=\"p1\">Faza de cercetare \u0219i dezvoltare (R&amp;D) a \u00eenceput \u00een <span class=\"s1\"><b>2010\u20132011<\/b><\/span> sub forma unui grup informal de inginerie \u0219i cercetare, f\u0103r\u0103 o entitate juridic\u0103 \u00eenregistrat\u0103, f\u0103r\u0103 investitori externi \u0219i f\u0103r\u0103 finan\u021bare institu\u021bional\u0103.<\/p>\n<p class=\"p1\">Lucr\u0103rile ini\u021biale au fost finan\u021bate integral de <span class=\"s1\"><b>fondatori<\/b><\/span> \u0219i s-au concentrat pe verificarea principiilor fizice, comportamentul subsistemelor \u0219i cicluri experimentale de lung\u0103 durat\u0103.<\/p>\n<p class=\"p1\">Entitatea juridic\u0103 comercial\u0103 \u2014 <span class=\"s1\"><b>MICRO DIGITAL ELECTRONICS CORP S.R.L.<\/b><\/span> \u2014 a fost \u00eenregistrat\u0103 \u00een <span class=\"s1\"><b>mai 2024<\/b><\/span> pentru industrializarea, certificarea \u0219i scalarea tehnologiei VENDOR deja dezvoltate, \u00een cadrul reglement\u0103rilor UE.<\/p>\t\t\t\t\t\t\t\t<\/div>\n\t\t\t\t<\/div>\n\t\t\t\t\t<\/div>\n\t\t\t\t<\/div>\n\t\t<div class=\"elementor-element elementor-element-791fa12 e-flex e-con-boxed e-con e-parent\" data-id=\"791fa12\" data-element_type=\"container\" data-e-type=\"container\">\n\t\t\t\t\t<div class=\"e-con-inner\">\n\t\t\t\t<div class=\"elementor-element elementor-element-4352f0e elementor-widget elementor-widget-heading\" data-id=\"4352f0e\" data-element_type=\"widget\" data-e-type=\"widget\" data-widget_type=\"heading.default\">\n\t\t\t\t<div class=\"elementor-widget-container\">\n\t\t\t\t\t<h2 class=\"elementor-heading-title elementor-size-default\">R&amp;D finan\u021bat de fondatori (2011\u20132025)<\/h2>\t\t\t\t<\/div>\n\t\t\t\t<\/div>\n\t\t\t\t<div class=\"elementor-element elementor-element-b4f20d6 elementor-widget elementor-widget-text-editor\" data-id=\"b4f20d6\" data-element_type=\"widget\" data-e-type=\"widget\" data-widget_type=\"text-editor.default\">\n\t\t\t\t<div class=\"elementor-widget-container\">\n\t\t\t\t\t\t\t\t\t<p class=\"p1\">De peste zece ani, dezvoltarea VENDOR a fost realizat\u0103 <span class=\"s1\"><b>exclusiv din fonduri ale fondatorilor<\/b><\/span>.<\/p>\n<p class=\"p1\">\u00cen perioada <span class=\"s1\"><b>2011 \u2013 T3 2025<\/b><\/span>, \u00een proiect au fost investi\u021bi <span class=\"s1\"><b>peste 1 milion \u20ac<\/b><\/span> din fonduri proprii.<\/p>\n<p class=\"p1\">Investi\u021biile au fost direc\u021bionate c\u0103tre:<\/p>\n<ul>\n<li>\n<p class=\"p1\">cercetare timpurie \u0219i experimente cu regimuri \u0219i subsisteme<\/p>\n<\/li>\n<li>\n<p class=\"p1\">mai multe genera\u021bii de prototipuri\u00a0<b>(3 W \u2192 100 W \u2192 0,5 kW \u2192 1 kW \u2192 2,4 \u2192 5 kW)<\/b><b><\/b><\/p>\n<\/li>\n<li>\n<p class=\"p1\">infrastructur\u0103 de laborator \u0219i echipamente de m\u0103surare<\/p>\n<\/li>\n<li>\n<p class=\"p1\">cicluri experimentale \u0219i de regim pe termen lung<\/p>\n<\/li>\n<li>\n<p class=\"p1\">brevetare \u0219i structurare juridic\u0103 a propriet\u0103\u021bii intelectuale<\/p>\n<\/li>\n<li>\n<p class=\"p1\">tranzi\u021bia \u00een UE pentru certificare \u0219i scalare<\/p>\n<\/li>\n<li>\n<p class=\"p1\">prototipuri de laborator func\u021bionale <span class=\"s1\"><b>TRL 5\u20136<\/b><\/span> pentru VENDOR.Zero \u0219i VENDOR.Max<\/p>\n<\/li>\n<\/ul>\t\t\t\t\t\t\t\t<\/div>\n\t\t\t\t<\/div>\n\t\t\t\t<div class=\"elementor-element elementor-element-ed728cb elementor-widget elementor-widget-heading\" data-id=\"ed728cb\" data-element_type=\"widget\" data-e-type=\"widget\" data-widget_type=\"heading.default\">\n\t\t\t\t<div class=\"elementor-widget-container\">\n\t\t\t\t\t<h2 class=\"elementor-heading-title elementor-size-default\">Infrastructura de laborator<\/h2>\t\t\t\t<\/div>\n\t\t\t\t<\/div>\n\t\t\t\t<div class=\"elementor-element elementor-element-3c5b9bc elementor-widget elementor-widget-text-editor\" data-id=\"3c5b9bc\" data-element_type=\"widget\" data-e-type=\"widget\" data-widget_type=\"text-editor.default\">\n\t\t\t\t<div class=\"elementor-widget-container\">\n\t\t\t\t\t\t\t\t\t<p class=\"p1\"><span class=\"s1\">Peste <\/span><b>70 % din investi\u021biile totale ale fondatorilor<\/b><span class=\"s1\"> au fost alocate <\/span><b>cheltuielilor de capital (CAPEX)<\/b><span class=\"s1\">, incluz\u00e2nd:<\/span><\/p>\n<ul>\n<li>\n<p class=\"p1\">echipamente de m\u0103surare de \u00eenalt\u0103 precizie<\/p>\n<\/li>\n<li>\n<p class=\"p1\">oscilografie \u0219i standuri de testare de \u00eenalt\u0103 tensiune<\/p>\n<\/li>\n<li>\n<p class=\"p1\">sisteme de sarcin\u0103 \u0219i testare<\/p>\n<\/li>\n<li>\n<p class=\"p1\">surse de laborator \u0219i interfe\u021be de m\u0103surare<\/p>\n<\/li>\n<li>\n<p class=\"p1\">infrastructur\u0103 pentru test\u0103ri de regim pe termen lung<\/p>\n<\/li>\n<\/ul>\n<h5>Volumul investi\u021biilor<\/h5>\n<p class=\"p3\">Volumul total al investi\u021biilor fondatorilor: <span class=\"s2\">peste 1 milion \u20ac<\/span>.<\/p>\t\t\t\t\t\t\t\t<\/div>\n\t\t\t\t<\/div>\n\t\t\t\t\t<\/div>\n\t\t\t\t<\/div>\n\t\t<div class=\"elementor-element elementor-element-d9c9d92 e-flex e-con-boxed e-con e-parent\" data-id=\"d9c9d92\" data-element_type=\"container\" data-e-type=\"container\">\n\t\t\t\t\t<div class=\"e-con-inner\">\n\t\t\t\t<div class=\"elementor-element elementor-element-3cb80a0 elementor-widget elementor-widget-heading\" data-id=\"3cb80a0\" data-element_type=\"widget\" data-e-type=\"widget\" data-widget_type=\"heading.default\">\n\t\t\t\t<div class=\"elementor-widget-container\">\n\t\t\t\t\t<h2 class=\"elementor-heading-title elementor-size-default\">Cronologia dezvolt\u0103rii<\/h2>\t\t\t\t<\/div>\n\t\t\t\t<\/div>\n\t\t\t\t<div class=\"elementor-element elementor-element-4771c2a elementor-widget elementor-widget-text-editor\" data-id=\"4771c2a\" data-element_type=\"widget\" data-e-type=\"widget\" data-widget_type=\"text-editor.default\">\n\t\t\t\t<div class=\"elementor-widget-container\">\n\t\t\t\t\t\t\t\t\t<p class=\"p1\"><b>2011\u20132015 \u2014 Cercetare timpurie<\/b><b><\/b><\/p>\n<p class=\"p2\">Validarea conceptului, arhitecturi ini\u021biale de desc\u0103rcare, micro-experimente.<\/p>\n<p class=\"p1\"><b>2016\u20132020 \u2014 Primele prototipuri func\u021bionale<\/b><b><\/b><\/p>\n<p class=\"p2\">Sisteme de putere mic\u0103 \u0219i medie, drivere rezonante, subsisteme de \u00eenalt\u0103 tensiune, primele jurnale de stabilitate.<\/p>\n<p class=\"p1\"><b>2021\u20132024 \u2014 Brevete \u0219i prototipuri avansate<\/b><b><\/b><\/p>\n<p class=\"p2\">Prototipuri de laborator p\u00e2n\u0103 la 5 kW, teste de stabilitate a subsistemelor, cicluri opera\u021bionale extinse.<\/p>\n<p class=\"p2\">Depunerea cererii interna\u021bionale de brevet \u0219i acordarea brevetului spaniol.<\/p>\n<p class=\"p1\"><b>2025 \u2014 Tranzi\u021bia \u00een UE \u0219i finalizarea TRL 5\u20136<\/b><b><\/b><\/p>\n<p class=\"p2\">Relocare \u00een Rom\u00e2nia.<\/p>\n<p class=\"p2\">Planificarea laboratorului, preg\u0103tirea pentru certificare \u0219i tranzi\u021bia c\u0103tre etapele urm\u0103toare TRL.<\/p>\t\t\t\t\t\t\t\t<\/div>\n\t\t\t\t<\/div>\n\t\t\t\t\t<\/div>\n\t\t\t\t<\/div>\n\t\t<div class=\"elementor-element elementor-element-2f0a068 e-flex e-con-boxed e-con e-parent\" data-id=\"2f0a068\" data-element_type=\"container\" data-e-type=\"container\">\n\t\t\t\t\t<div class=\"e-con-inner\">\n\t\t\t\t<div class=\"elementor-element elementor-element-4464d1b elementor-widget elementor-widget-heading\" data-id=\"4464d1b\" data-element_type=\"widget\" data-e-type=\"widget\" data-widget_type=\"heading.default\">\n\t\t\t\t<div class=\"elementor-widget-container\">\n\t\t\t\t\t<h2 class=\"elementor-heading-title elementor-size-default\">Proprietate intelectual\u0103<\/h2>\t\t\t\t<\/div>\n\t\t\t\t<\/div>\n\t\t\t\t<div class=\"elementor-element elementor-element-d614900 elementor-widget elementor-widget-text-editor\" data-id=\"d614900\" data-element_type=\"widget\" data-e-type=\"widget\" data-widget_type=\"text-editor.default\">\n\t\t\t\t<div class=\"elementor-widget-container\">\n\t\t\t\t\t\t\t\t\t<p class=\"p1\">Toate drepturile de proprietate intelectual\u0103 aferente proiectului <span class=\"s1\"><b>apar\u021bin fondatorilor \u0219i companiei opera\u021bionale<\/b><\/span>.<\/p>\n<p class=\"p1\">Proiectul:<\/p>\n<ul>\n<li>\n<p class=\"p1\">nu este un spin-off academic<\/p>\n<\/li>\n<li>\n<p class=\"p1\">nu are obliga\u021bii juridice sau financiare fa\u021b\u0103 de universit\u0103\u021bi<\/p>\n<\/li>\n<li>\n<p class=\"p1\">nu este grevat de drepturi ale ter\u021bilor<\/p>\n<\/li>\n<\/ul>\t\t\t\t\t\t\t\t<\/div>\n\t\t\t\t<\/div>\n\t\t\t\t\t<\/div>\n\t\t\t\t<\/div>\n\t\t<div class=\"elementor-element elementor-element-aab6cec e-flex e-con-boxed e-con e-parent\" data-id=\"aab6cec\" data-element_type=\"container\" data-e-type=\"container\">\n\t\t\t\t\t<div class=\"e-con-inner\">\n\t\t\t\t<div class=\"elementor-element elementor-element-da29176 elementor-widget elementor-widget-heading\" data-id=\"da29176\" data-element_type=\"widget\" data-e-type=\"widget\" data-widget_type=\"heading.default\">\n\t\t\t\t<div class=\"elementor-widget-container\">\n\t\t\t\t\t<h2 class=\"elementor-heading-title elementor-size-default\">Structura de proprietate<\/h2>\t\t\t\t<\/div>\n\t\t\t\t<\/div>\n\t\t\t\t<div class=\"elementor-element elementor-element-0e297e3 elementor-widget elementor-widget-text-editor\" data-id=\"0e297e3\" data-element_type=\"widget\" data-e-type=\"widget\" data-widget_type=\"text-editor.default\">\n\t\t\t\t<div class=\"elementor-widget-container\">\n\t\t\t\t\t\t\t\t\t<ul>\n<li>\n<p class=\"p1\">Fondatori \u2014 <span class=\"s1\"><b>85 %<\/b><b><\/b><\/span><\/p>\n<\/li>\n<li>\n<p class=\"p1\">ESOP \u2014 <span class=\"s1\"><b>10 %<\/b><b><\/b><\/span><\/p>\n<\/li>\n<li>\n<p class=\"p1\">Consultant juridic \u2014 <span class=\"s1\"><b>5 %<\/b><\/span><\/p>\n<\/li>\n<\/ul>\t\t\t\t\t\t\t\t<\/div>\n\t\t\t\t<\/div>\n\t\t\t\t\t<\/div>\n\t\t\t\t<\/div>\n\t\t<div class=\"elementor-element elementor-element-ac37b03 e-flex e-con-boxed e-con e-parent\" data-id=\"ac37b03\" data-element_type=\"container\" data-e-type=\"container\">\n\t\t\t\t\t<div class=\"e-con-inner\">\n\t\t\t\t<div class=\"elementor-element elementor-element-6710c69 elementor-widget elementor-widget-heading\" data-id=\"6710c69\" data-element_type=\"widget\" data-e-type=\"widget\" data-widget_type=\"heading.default\">\n\t\t\t\t<div class=\"elementor-widget-container\">\n\t\t\t\t\t<h2 class=\"elementor-heading-title elementor-size-default\">Runda SAFE<\/h2>\t\t\t\t<\/div>\n\t\t\t\t<\/div>\n\t\t\t\t<div class=\"elementor-element elementor-element-278abda elementor-widget elementor-widget-text-editor\" data-id=\"278abda\" data-element_type=\"widget\" data-e-type=\"widget\" data-widget_type=\"text-editor.default\">\n\t\t\t\t<div class=\"elementor-widget-container\">\n\t\t\t\t\t\t\t\t\t<p class=\"p1\">Bugetul <span class=\"s1\"><b>rundei SAFE<\/b><\/span> define\u0219te utilizarea fondurilor pentru:<\/p>\n<ul>\n<li>\n<p class=\"p1\">\u00eenfiin\u021barea unui laborator \u00een UE<\/p>\n<\/li>\n<li>\n<p class=\"p1\">achizi\u021bia de echipamente de laborator \u0219i testare de \u00eenalt\u0103 precizie<\/p>\n<\/li>\n<li>\n<p class=\"p1\">dezvoltarea infrastructurii de laborator<\/p>\n<\/li>\n<li>\n<p class=\"p1\">preg\u0103tirea pentru certificare \u0219i tranzi\u021bia <span class=\"s1\"><b>TRL 6 \u2192 TRL 7<\/b><\/span><\/p>\n<\/li>\n<\/ul>\t\t\t\t\t\t\t\t<\/div>\n\t\t\t\t<\/div>\n\t\t\t\t\t<\/div>\n\t\t\t\t<\/div>\n\t\t<div class=\"elementor-element elementor-element-dea9655 e-flex e-con-boxed e-con e-parent\" data-id=\"dea9655\" data-element_type=\"container\" data-e-type=\"container\">\n\t\t\t\t\t<div class=\"e-con-inner\">\n\t\t\t\t<div class=\"elementor-element elementor-element-a6cfb62 elementor-widget elementor-widget-heading\" data-id=\"a6cfb62\" data-element_type=\"widget\" data-e-type=\"widget\" data-widget_type=\"heading.default\">\n\t\t\t\t<div class=\"elementor-widget-container\">\n\t\t\t\t\t<h2 class=\"elementor-heading-title elementor-size-default\">Ia leg\u0103tura cu noi<\/h2>\t\t\t\t<\/div>\n\t\t\t\t<\/div>\n\t\t\t\t<div class=\"elementor-element elementor-element-d43485c elementor-widget elementor-widget-text-editor\" data-id=\"d43485c\" data-element_type=\"widget\" data-e-type=\"widget\" data-widget_type=\"text-editor.default\">\n\t\t\t\t<div class=\"elementor-widget-container\">\n\t\t\t\t\t\t\t\t\t<p><strong>VENDOR.Energy<\/strong><br \/>Autonomous Solid-State Energy Systems by <a href=\"https:\/\/microdigitalcorp.com\" target=\"_blank\" rel=\"noopener\">MICRO DIGITAL ELECTRONICS CORP SRL<\/a><br \/><strong>Headquarters:<\/strong> Splaiul Unirii, nr.16, office 705, Bucharest, Romania, European Union<br \/>Email: <a href=\"mailto:info@vendor.energy\">info@vendor.energy<\/a><\/p>\t\t\t\t\t\t\t\t<\/div>\n\t\t\t\t<\/div>\n\t\t\t\t\t<\/div>\n\t\t\t\t<\/div>\n\t\t\t\t<\/div>\n\t\t","protected":false},"excerpt":{"rendered":"<p>Istoric Cercetarea mai \u00eent\u00e2i. Compania mai t\u00e2rziu. Proiectul VENDOR a \u00eenceput ca un efort independent de cercetare pe termen lung \u00een domeniul sistemelor electrodinamice neliniare \u0219i al arhitecturilor energetice bazate pe regimuri. Faza de cercetare \u0219i dezvoltare (R&amp;D) a \u00eenceput \u00een 2010\u20132011 sub forma unui grup informal de inginerie \u0219i cercetare, f\u0103r\u0103 o entitate juridic\u0103 [&hellip;]<\/p>\n","protected":false},"author":1,"featured_media":0,"parent":0,"menu_order":0,"comment_status":"closed","ping_status":"closed","template":"elementor_header_footer","meta":{"footnotes":""},"class_list":["post-13545","page","type-page","status-publish","hentry"],"_links":{"self":[{"href":"https:\/\/vendor.energy\/ro\/wp-json\/wp\/v2\/pages\/13545","targetHints":{"allow":["GET"]}}],"collection":[{"href":"https:\/\/vendor.energy\/ro\/wp-json\/wp\/v2\/pages"}],"about":[{"href":"https:\/\/vendor.energy\/ro\/wp-json\/wp\/v2\/types\/page"}],"author":[{"embeddable":true,"href":"https:\/\/vendor.energy\/ro\/wp-json\/wp\/v2\/users\/1"}],"replies":[{"embeddable":true,"href":"https:\/\/vendor.energy\/ro\/wp-json\/wp\/v2\/comments?post=13545"}],"version-history":[{"count":12,"href":"https:\/\/vendor.energy\/ro\/wp-json\/wp\/v2\/pages\/13545\/revisions"}],"predecessor-version":[{"id":14396,"href":"https:\/\/vendor.energy\/ro\/wp-json\/wp\/v2\/pages\/13545\/revisions\/14396"}],"wp:attachment":[{"href":"https:\/\/vendor.energy\/ro\/wp-json\/wp\/v2\/media?parent=13545"}],"curies":[{"name":"wp","href":"https:\/\/api.w.org\/{rel}","templated":true}]}}