{"id":3407,"date":"2025-06-26T00:16:35","date_gmt":"2025-06-25T21:16:35","guid":{"rendered":"https:\/\/vendor.energy\/contact-us\/"},"modified":"2026-01-02T21:00:21","modified_gmt":"2026-01-02T18:00:21","slug":"verifizierter-kontakt","status":"publish","type":"page","link":"https:\/\/vendor.energy\/de\/verifizierter-kontakt\/","title":{"rendered":"Kontakt"},"content":{"rendered":"\t\t<div data-elementor-type=\"wp-page\" data-elementor-id=\"3407\" class=\"elementor elementor-3407 elementor-856\" data-elementor-post-type=\"page\">\n\t\t\t\t<div class=\"elementor-element elementor-element-291deb3 e-flex e-con-boxed e-con e-parent\" data-id=\"291deb3\" data-element_type=\"container\" data-e-type=\"container\" data-settings=\"{&quot;background_background&quot;:&quot;classic&quot;}\">\n\t\t\t\t\t<div class=\"e-con-inner\">\n\t\t\t\t<div class=\"elementor-element elementor-element-3280031 elementor-widget elementor-widget-heading\" data-id=\"3280031\" data-element_type=\"widget\" data-e-type=\"widget\" data-widget_type=\"heading.default\">\n\t\t\t\t<div class=\"elementor-widget-container\">\n\t\t\t\t\t<h2 class=\"elementor-heading-title elementor-size-default\">Kontakt ist kein offenes Tor, sondern wird verdient.<\/h2>\t\t\t\t<\/div>\n\t\t\t\t<\/div>\n\t\t\t\t<div class=\"elementor-element elementor-element-d34f458 elementor-widget elementor-widget-heading\" data-id=\"d34f458\" data-element_type=\"widget\" data-e-type=\"widget\" data-widget_type=\"heading.default\">\n\t\t\t\t<div class=\"elementor-widget-container\">\n\t\t\t\t\t<h2 class=\"elementor-heading-title elementor-size-default\">Oder ganz einfach \u00fcberfl\u00fcssig.<\/h2>\t\t\t\t<\/div>\n\t\t\t\t<\/div>\n\t\t\t\t\t<\/div>\n\t\t\t\t<\/div>\n\t\t<div class=\"elementor-element elementor-element-ae7ff25 e-flex e-con-boxed e-con e-parent\" data-id=\"ae7ff25\" data-element_type=\"container\" data-e-type=\"container\">\n\t\t\t\t\t<div class=\"e-con-inner\">\n\t\t<div class=\"elementor-element elementor-element-c58ef9b e-con-full e-flex e-con e-child\" data-id=\"c58ef9b\" data-element_type=\"container\" data-e-type=\"container\">\n\t\t<div class=\"elementor-element elementor-element-a4c5116 e-grid e-con-full e-con e-child\" data-id=\"a4c5116\" data-element_type=\"container\" data-e-type=\"container\">\n\t\t\t\t<div class=\"elementor-element elementor-element-2d8ed98 elementor-widget elementor-widget-text-editor\" data-id=\"2d8ed98\" data-element_type=\"widget\" data-e-type=\"widget\" data-widget_type=\"text-editor.default\">\n\t\t\t\t<div class=\"elementor-widget-container\">\n\t\t\t\t\t\t\t\t\tWir nutzen keinen Live-Chat.\n\nWir nehmen keine ungeplanten Anrufe entgegen.\n\nWir antworten nicht auf Massen-E-Mails, automatisierte Kontaktversuche oder unaufgeforderte kommerzielle Angebote.\n\nWir sind nicht hier, um den Posteingangsverkehr zu maximieren \u2013 wir sind hier, um L\u00e4rm zu minimieren und die Integrit\u00e4t konzentrierter Arbeit zu sch\u00fctzen.\n<p class=\"p4\"><b>Wir antworten \u2014 aber nur, wenn Relevanz, Klarheit und gemeinsame Absicht unmissverst\u00e4ndlich sind.<\/b><b><\/b><\/p>\n<p class=\"p3\">Wir glauben, Kommunikation sollte Zweck erf\u00fcllen, nicht Protokoll.<\/p>\n<p class=\"p3\">Wenn Sie das verstehen, sind wir bereits auf einer Wellenl\u00e4nge.<\/p>\n\n<h4 class=\"p3\">Bitte kontaktieren Sie uns nur, wenn:<\/h4>\n<p class=\"p3\">\u2013 Sie einen <span class=\"s2\"><b>strategischen oder industriellen Partner<\/b><\/span> mit einem klar definierten Anwendungsfall vertreten<\/p>\n<p class=\"p3\">\u2013 Sie ein <span class=\"s2\"><b>akkreditierter Investor<\/b><\/span> mit Erfahrung in Deep Tech, Infrastruktur oder wissenschaftlich fundierten Ventures sind<\/p>\n<p class=\"p4\"><span class=\"s3\">\u2013 Sie in einer <\/span><b>Zertifizierungsstelle, Normungsinstitution oder Regulierungsbeh\u00f6rde<\/b><b> t\u00e4tig sind<\/b><\/p>\n<p class=\"p4\"><span class=\"s3\">\u2013 Oder wenn Sie einen Grund haben, der auf <\/span><b>echten Problemen, realistischen Zeitpl\u00e4nen und greifbaren Ergebnissen<\/b><b> basiert<\/b><\/p>\n<p class=\"p3\">Wenn Ihre Nachricht diese Kriterien nicht erf\u00fcllt \u2014<\/p>\n<p class=\"p4\"><b>ist keine Aktion erforderlich. Es erfolgt keine Antwort.<\/b><b><\/b><\/p>\n<p class=\"p3\">Wir sch\u00e4tzen Aufmerksamkeit. Ihre ebenso wie unsere.<\/p>\n<p class=\"p3\">Die Welt ist voller L\u00e4rm. Wir entscheiden uns, Signale zu setzen.<\/p>\n\n<h4>Richtlinie f\u00fcr verifizierte E-Mails<\/h4>\n<p class=\"p3\">Um sicheren, relevanten und nachvollziehbaren Kontakt zu gew\u00e4hrleisten,<\/p>\n<p class=\"p4\"><b>antworten wir nur auf verifizierte, professionelle E-Mail-Adressen<\/b><span class=\"s2\">.<\/span><\/p>\n<p class=\"p3\">Bitte vermeiden Sie:<\/p>\n<p class=\"p3\">\u2013 Wegwerfpostf\u00e4cher<\/p>\n<p class=\"p3\">\u2013 anonymisierte Weiterleitungsdienste<\/p>\n<p class=\"p3\">\u2013 nicht nachvollziehbare private E-Mails, die nicht mit Ihrem Fachgebiet oder Anliegen in Zusammenhang stehen<\/p>\n<p class=\"p3\">Ihre E-Mail sollte Ihre <span class=\"s3\"><b>Position<\/b><\/span>, Ihre <span class=\"s3\"><b>Organisation<\/b><\/span> oder Ihre <span class=\"s3\"><b>berufliche Funktion<\/b><\/span> klar und glaubw\u00fcrdig widerspiegeln.<\/p>\n<p class=\"p3\">Das hilft uns, ernsthafte Absichten von L\u00e4rm zu unterscheiden und sicherzustellen, dass Ihre Nachricht die richtige Person bei uns erreicht.<\/p>\n<p class=\"p3\">Wir setzen auf konstruktiven Dialog, beteiligen uns jedoch nicht an anonymer oder nicht verifizierbarer Kommunikation.<\/p>\n<p class=\"p3\">Wenn Ihre Anfrage ernst gemeint ist, sollte es Ihre E-Mail auch sein.<\/p>\t\t\t\t\t\t\t\t<\/div>\n\t\t\t\t<\/div>\n\t\t<div class=\"elementor-element elementor-element-cfe0c9f e-con-full e-flex e-con e-child\" data-id=\"cfe0c9f\" data-element_type=\"container\" data-e-type=\"container\">\n\t\t\t\t<div class=\"elementor-element elementor-element-08a7b20 elementor-widget elementor-widget-shortcode\" data-id=\"08a7b20\" data-element_type=\"widget\" data-e-type=\"widget\" data-widget_type=\"shortcode.default\">\n\t\t\t\t<div class=\"elementor-widget-container\">\n\t\t\t\t\t\t\t<div class=\"elementor-shortcode\">\n<div class=\"wpcf7 no-js\" id=\"wpcf7-f3410-o1\" lang=\"de-DE\" dir=\"ltr\" data-wpcf7-id=\"3410\">\n<div class=\"screen-reader-response\"><p role=\"status\" aria-live=\"polite\" aria-atomic=\"true\"><\/p> <ul><\/ul><\/div>\n<form action=\"\/de\/wp-json\/wp\/v2\/pages\/3407#wpcf7-f3410-o1\" method=\"post\" class=\"wpcf7-form init\" aria-label=\"Kontaktformular\" novalidate=\"novalidate\" data-status=\"init\">\n<fieldset class=\"hidden-fields-container\"><input type=\"hidden\" name=\"_wpcf7\" value=\"3410\" \/><input type=\"hidden\" name=\"_wpcf7_version\" value=\"6.1.5\" \/><input type=\"hidden\" name=\"_wpcf7_locale\" value=\"de_DE\" \/><input type=\"hidden\" name=\"_wpcf7_unit_tag\" value=\"wpcf7-f3410-o1\" \/><input type=\"hidden\" name=\"_wpcf7_container_post\" value=\"0\" \/><input type=\"hidden\" name=\"_wpcf7_posted_data_hash\" value=\"\" \/>\n<\/fieldset>\n<div class=\"form-header\">\n\t<h3>Contact Form\n\t<\/h3>\n<\/div>\n<div class=\"form-field\">\n\t<p><label for=\"full-name\">Full Name:<\/label><br \/>\n<span class=\"wpcf7-form-control-wrap\" data-name=\"full-name\"><input size=\"40\" maxlength=\"400\" class=\"wpcf7-form-control wpcf7-text wpcf7-validates-as-required\" id=\"full-name\" aria-required=\"true\" aria-invalid=\"false\" placeholder=\"Enter your full name\" value=\"\" type=\"text\" name=\"full-name\" \/><\/span>\n\t<\/p>\n<\/div>\n<div class=\"form-field\">\n\t<p><label for=\"email\">Verified Email:<\/label><br \/>\n<span class=\"wpcf7-form-control-wrap\" data-name=\"email\"><input size=\"40\" maxlength=\"400\" class=\"wpcf7-form-control wpcf7-email wpcf7-validates-as-required wpcf7-text wpcf7-validates-as-email\" id=\"email\" aria-required=\"true\" aria-invalid=\"false\" placeholder=\"your@email.com\" value=\"\" type=\"email\" name=\"email\" \/><\/span>\n\t<\/p>\n<\/div>\n<div class=\"form-field\">\n\t<p><label for=\"phone\">Phone Number:<\/label><br \/>\n<span class=\"wpcf7-form-control-wrap\" data-name=\"phone\"><input size=\"40\" maxlength=\"400\" class=\"wpcf7-form-control wpcf7-tel wpcf7-validates-as-required wpcf7-text wpcf7-validates-as-tel\" id=\"phone\" aria-required=\"true\" aria-invalid=\"false\" placeholder=\"+1 (555) 123-4567\" value=\"\" type=\"tel\" name=\"phone\" \/><\/span>\n\t<\/p>\n<\/div>\n<div class=\"form-field\">\n\t<p><label for=\"role\">Your Role or Position:<\/label><br \/>\n<span class=\"wpcf7-form-control-wrap\" data-name=\"role\"><input size=\"40\" maxlength=\"400\" class=\"wpcf7-form-control wpcf7-text wpcf7-validates-as-required\" id=\"role\" aria-required=\"true\" aria-invalid=\"false\" placeholder=\"e.g. Investment Manager at Novus Capital, CTO at OffGrid Systems, Independent Researcher, etc.\" value=\"\" type=\"text\" name=\"role\" \/><\/span><br \/>\n<small class=\"field-hint\">Examples: \"CTO at X Robotics\", \"Investor at Evergreen Ventures\", \"Independent analyst, energy systems\", \"Head of Innovation, Public Infrastructure Dept.\", \"Private individual, exploring potential investment\"<\/small>\n\t<\/p>\n<\/div>\n<div class=\"form-field\">\n\t<p><label>Reason for Contact:<\/label><br \/>\n<span class=\"wpcf7-form-control-wrap\" data-name=\"contact-reason\"><span class=\"wpcf7-form-control wpcf7-checkbox\"><span class=\"wpcf7-list-item first\"><label><input type=\"checkbox\" name=\"contact-reason[]\" value=\"Strategic Partnership\" \/><span class=\"wpcf7-list-item-label\">Strategic Partnership<\/span><\/label><\/span><span class=\"wpcf7-list-item\"><label><input type=\"checkbox\" name=\"contact-reason[]\" value=\"Investment Inquiry\" \/><span class=\"wpcf7-list-item-label\">Investment Inquiry<\/span><\/label><\/span><span class=\"wpcf7-list-item\"><label><input type=\"checkbox\" name=\"contact-reason[]\" value=\"Standards \/ Certification \/ Regulatory\" \/><span class=\"wpcf7-list-item-label\">Standards \/ Certification \/ Regulatory<\/span><\/label><\/span><span class=\"wpcf7-list-item last\"><label><input type=\"checkbox\" name=\"contact-reason[]\" value=\"Other (please specify)\" \/><span class=\"wpcf7-list-item-label\">Other (please specify)<\/span><\/label><\/span><\/span><\/span>\n\t<\/p>\n<\/div>\n<div class=\"form-field conditional-field\" id=\"other-reason-field\" style=\"display:none;\">\n\t<p><label for=\"other-reason\">Please specify other reason:<\/label><br \/>\n<span class=\"wpcf7-form-control-wrap\" data-name=\"other-reason\"><input size=\"40\" maxlength=\"400\" class=\"wpcf7-form-control wpcf7-text\" id=\"other-reason\" aria-invalid=\"false\" placeholder=\"Please describe your specific reason for contact...\" value=\"\" type=\"text\" name=\"other-reason\" \/><\/span>\n\t<\/p>\n<\/div>\n<div class=\"form-field\">\n\t<p><label for=\"message\">Message:<\/label><br \/>\n<span class=\"wpcf7-form-control-wrap\" data-name=\"message\"><textarea cols=\"40\" rows=\"10\" maxlength=\"2000\" class=\"wpcf7-form-control wpcf7-textarea wpcf7-validates-as-required\" id=\"message\" aria-required=\"true\" aria-invalid=\"false\" placeholder=\"Please describe your inquiry...\" name=\"message\"><\/textarea><\/span>\n\t<\/p>\n<\/div>\n<div class=\"form-field gdpr-field\">\n\t<p><label class=\"gdpr-label\"><br \/>\n<span class=\"wpcf7-form-control-wrap\" data-name=\"gdpr-consent\"><span class=\"wpcf7-form-control wpcf7-checkbox wpcf7-validates-as-required\"><span class=\"wpcf7-list-item first last\"><label><input type=\"checkbox\" name=\"gdpr-consent[]\" value=\"I agree to the processing of my personal data in accordance with the Privacy Policy\" \/><span class=\"wpcf7-list-item-label\">I agree to the processing of my personal data in accordance with the Privacy Policy<\/span><\/label><\/span><\/span><\/span><br \/>\n<\/label><br \/>\n<small class=\"field-hint\">Required for GDPR compliance. Your data will only be used to respond to your inquiry and will not be shared with third parties.<\/small>\n\t<\/p>\n<\/div>\n<div class=\"form-submit\">\n\t<p><span class=\"wpcf7-form-control-wrap\" data-name=\"hcap-cf7\">\t\t<input\n\t\t\t\ttype=\"hidden\"\n\t\t\t\tclass=\"hcaptcha-widget-id\"\n\t\t\t\tname=\"hcaptcha-widget-id\"\n\t\t\t\tvalue=\"eyJzb3VyY2UiOlsiY29udGFjdC1mb3JtLTdcL3dwLWNvbnRhY3QtZm9ybS03LnBocCJdLCJmb3JtX2lkIjowfQ==-1fa8312f43a46040a6cb3fbf112f4b52\">\n\t\t\t\t<span id=\"hcap_cf7-69fb4ae4063217.35086721\" class=\"wpcf7-form-control h-captcha \"\n\t\t\tdata-sitekey=\"74142074-9b1c-40a2-955e-b810d3e2fde4\"\n\t\t\tdata-theme=\"dark\"\n\t\t\tdata-size=\"invisible\"\n\t\t\tdata-auto=\"false\"\n\t\t\tdata-ajax=\"false\"\n\t\t\tdata-force=\"true\">\n\t\t<\/span>\n\t\t<input type=\"hidden\" id=\"_wpnonce\" name=\"_wpnonce\" value=\"98eafb8de5\" \/><input type=\"hidden\" name=\"_wp_http_referer\" value=\"\/de\/wp-json\/wp\/v2\/pages\/3407\" \/><\/span><input class=\"wpcf7-form-control wpcf7-submit has-spinner\" type=\"submit\" value=\"Send Request\" \/>\n\t<\/p>\n\t<p class=\"form-note\">We read everything. We reply when it makes sense.\n\t<\/p>\n<\/div><div class=\"wpcf7-response-output\" aria-hidden=\"true\"><\/div>\n<\/form>\n<\/div>\n<\/div>\n\t\t\t\t\t\t<\/div>\n\t\t\t\t<\/div>\n\t\t\t\t<div class=\"elementor-element elementor-element-5957571 elementor-widget elementor-widget-html\" data-id=\"5957571\" data-element_type=\"widget\" data-e-type=\"widget\" data-widget_type=\"html.default\">\n\t\t\t\t<div class=\"elementor-widget-container\">\n\t\t\t\t\t<script>\ndocument.addEventListener('DOMContentLoaded', function() {\n    const checkboxes = document.querySelectorAll('input[name=\"contact-reason[]\"]');\n    const otherField = document.getElementById('other-reason-field');\n    const otherInput = document.getElementById('other-reason');\n    \n    checkboxes.forEach(function(checkbox) {\n        checkbox.addEventListener('change', function() {\n            let otherChecked = false;\n            checkboxes.forEach(function(cb) {\n                if (cb.checked && cb.value === 'Other (please specify)') {\n                    otherChecked = true;\n                }\n            });\n            \n            if (otherChecked) {\n                otherField.style.display = 'block';\n                otherInput.setAttribute('required', 'required');\n                otherInput.setAttribute('aria-required', 'true');\n            } else {\n                otherField.style.display = 'none';\n                otherInput.removeAttribute('required');\n                otherInput.removeAttribute('aria-required');\n                otherInput.value = '';\n            }\n        });\n    });\n});\n<\/script>\t\t\t\t<\/div>\n\t\t\t\t<\/div>\n\t\t\t\t<\/div>\n\t\t\t\t<\/div>\n\t\t\t\t<\/div>\n\t\t\t\t\t<\/div>\n\t\t\t\t<\/div>\n\t\t<div class=\"elementor-element elementor-element-1868ccb e-flex e-con-boxed e-con e-parent\" data-id=\"1868ccb\" data-element_type=\"container\" data-e-type=\"container\">\n\t\t\t\t\t<div class=\"e-con-inner\">\n\t\t\t\t<div class=\"elementor-element elementor-element-dee1e42 elementor-widget elementor-widget-heading\" data-id=\"dee1e42\" data-element_type=\"widget\" data-e-type=\"widget\" data-widget_type=\"heading.default\">\n\t\t\t\t<div class=\"elementor-widget-container\">\n\t\t\t\t\t<h2 class=\"elementor-heading-title elementor-size-default\">Rechtliche Hinweise & Datenschutzinformation<\/h2>\t\t\t\t<\/div>\n\t\t\t\t<\/div>\n\t\t\t\t<div class=\"elementor-element elementor-element-9f5f273 elementor-widget elementor-widget-text-editor\" data-id=\"9f5f273\" data-element_type=\"widget\" data-e-type=\"widget\" data-widget_type=\"text-editor.default\">\n\t\t\t\t<div class=\"elementor-widget-container\">\n\t\t\t\t\t\t\t\t\t<p class=\"p1\"><a href=\"https:\/\/microdigitalcorp.com\" target=\"_blank\" rel=\"noopener\">Micro Digital Electronics Corp S.R.L.<\/a><\/p>\n<p class=\"p2\">Als juristische Person nach EU-Handelsrecht registriert.<\/p>\n<p class=\"p2\">Patentgerichtsbarkeit: EU. Geistiges Eigentum ist durch internationale Abkommen und geltendes Patentrecht gesch\u00fctzt.<\/p>\n<p class=\"p2\">\u00dcbermittelte Informationen werden gem\u00e4\u00df der <span class=\"s1\">DSGVO<\/span> und den relevanten EU-Datenschutzbestimmungen verarbeitet.<\/p>\n<p class=\"p2\">Wir <span class=\"s1\">teilen<\/span>, verkaufen oder nutzen personenbezogene Daten nicht f\u00fcr Werbung oder verhaltensbasierte Zielgruppenansprache.<\/p>\n<p class=\"p2\">Kontaktdaten werden ausschlie\u00dflich zum Zweck der Pr\u00fcfung und gegebenenfalls Beantwortung Ihrer Anfrage verarbeitet.<\/p>\n<p class=\"p1\"><span class=\"s2\">\u2022 <\/span>Auf dieser Seite sind keine Marketing-Cookies oder Tracking-Skripte aktiv<span class=\"s2\">.<\/span><\/p>\n<p class=\"p2\">\u2022 Einige eingebettete Dienste k\u00f6nnen technische Metadaten (z. B. IP-Adresse, Ger\u00e4tetyp) zu <span class=\"s1\">Sicherheits- und Lieferzwecken<\/span> verarbeiten.<\/p>\n<p class=\"p1\"><span class=\"s2\">\u2022 <\/span>PGP-Public-Key auf Anfrage verf\u00fcgbar<\/p>\n<p class=\"p2\">\u2022 Rechtliche Korrespondenz: <a href=\"mailto:info@microdigitalcorp.com\">info@microdigitalcorp.com<\/a><\/p>\t\t\t\t\t\t\t\t<\/div>\n\t\t\t\t<\/div>\n\t\t\t\t\t<\/div>\n\t\t\t\t<\/div>\n\t\t\t\t<\/div>\n\t\t","protected":false},"excerpt":{"rendered":"<p>Kontakt ist kein offenes Tor, sondern wird verdient. Oder ganz einfach \u00fcberfl\u00fcssig. Wir nutzen keinen Live-Chat. Wir nehmen keine ungeplanten Anrufe entgegen. Wir antworten nicht auf Massen-E-Mails, automatisierte Kontaktversuche oder unaufgeforderte kommerzielle Angebote. Wir sind nicht hier, um den Posteingangsverkehr zu maximieren \u2013 wir sind hier, um L\u00e4rm zu minimieren und die Integrit\u00e4t konzentrierter Arbeit [&hellip;]<\/p>\n","protected":false},"author":1,"featured_media":0,"parent":0,"menu_order":0,"comment_status":"closed","ping_status":"closed","template":"elementor_header_footer","meta":{"footnotes":""},"class_list":["post-3407","page","type-page","status-publish","hentry"],"_links":{"self":[{"href":"https:\/\/vendor.energy\/de\/wp-json\/wp\/v2\/pages\/3407","targetHints":{"allow":["GET"]}}],"collection":[{"href":"https:\/\/vendor.energy\/de\/wp-json\/wp\/v2\/pages"}],"about":[{"href":"https:\/\/vendor.energy\/de\/wp-json\/wp\/v2\/types\/page"}],"author":[{"embeddable":true,"href":"https:\/\/vendor.energy\/de\/wp-json\/wp\/v2\/users\/1"}],"replies":[{"embeddable":true,"href":"https:\/\/vendor.energy\/de\/wp-json\/wp\/v2\/comments?post=3407"}],"version-history":[{"count":4,"href":"https:\/\/vendor.energy\/de\/wp-json\/wp\/v2\/pages\/3407\/revisions"}],"predecessor-version":[{"id":14427,"href":"https:\/\/vendor.energy\/de\/wp-json\/wp\/v2\/pages\/3407\/revisions\/14427"}],"wp:attachment":[{"href":"https:\/\/vendor.energy\/de\/wp-json\/wp\/v2\/media?parent=3407"}],"curies":[{"name":"wp","href":"https:\/\/api.w.org\/{rel}","templated":true}]}}