{"id":13544,"date":"2026-01-01T15:36:47","date_gmt":"2026-01-01T12:36:47","guid":{"rendered":"https:\/\/vendor.energy\/history\/"},"modified":"2026-01-02T20:37:42","modified_gmt":"2026-01-02T17:37:42","slug":"historie","status":"publish","type":"page","link":"https:\/\/vendor.energy\/de\/historie\/","title":{"rendered":"Historie"},"content":{"rendered":"\t\t<div data-elementor-type=\"wp-page\" data-elementor-id=\"13544\" class=\"elementor elementor-13544 elementor-13525\" data-elementor-post-type=\"page\">\n\t\t\t\t<div class=\"elementor-element elementor-element-3b722ad e-flex e-con-boxed e-con e-parent\" data-id=\"3b722ad\" data-element_type=\"container\" data-e-type=\"container\" data-settings=\"{&quot;background_background&quot;:&quot;classic&quot;}\">\n\t\t\t\t\t<div class=\"e-con-inner\">\n\t\t\t\t<div class=\"elementor-element elementor-element-351d9c5 elementor-widget elementor-widget-heading\" data-id=\"351d9c5\" data-element_type=\"widget\" data-e-type=\"widget\" data-widget_type=\"heading.default\">\n\t\t\t\t<div class=\"elementor-widget-container\">\n\t\t\t\t\t<h1 class=\"elementor-heading-title elementor-size-default\">Historie<\/h1>\t\t\t\t<\/div>\n\t\t\t\t<\/div>\n\t\t\t\t<div class=\"elementor-element elementor-element-0471be6 elementor-widget elementor-widget-heading\" data-id=\"0471be6\" data-element_type=\"widget\" data-e-type=\"widget\" data-widget_type=\"heading.default\">\n\t\t\t\t<div class=\"elementor-widget-container\">\n\t\t\t\t\t<h3 class=\"elementor-heading-title elementor-size-default\">Forschung zuerst. Unternehmen sp\u00e4ter.<\/h3>\t\t\t\t<\/div>\n\t\t\t\t<\/div>\n\t\t\t\t<div class=\"elementor-element elementor-element-03c902f elementor-widget elementor-widget-text-editor\" data-id=\"03c902f\" data-element_type=\"widget\" data-e-type=\"widget\" data-widget_type=\"text-editor.default\">\n\t\t\t\t<div class=\"elementor-widget-container\">\n\t\t\t\t\t\t\t\t\t<p class=\"p1\">Das Projekt <span class=\"s1\"><b>VENDOR<\/b><\/span> entstand als langfristige, unabh\u00e4ngige Forschungsarbeit im Bereich nichtlinearer elektrodynamischer Systeme und regimebasierter Energiearchitekturen.<\/p><p class=\"p1\">Die F&amp;E-Phase begann in den <span class=\"s1\"><b>Jahren 2010\u20132011<\/b><\/span> als informelle Ingenieur- und Forschungsgruppe, ohne eingetragene juristische Person, ohne externe Investoren und ohne institutionelle Finanzierung.<\/p><p class=\"p1\">Die fr\u00fchen Arbeiten wurden vollst\u00e4ndig von den <span class=\"s1\"><b>Gr\u00fcndern<\/b><\/span> finanziert und konzentrierten sich auf die physikalische Verifikation von Prinzipien, das Verhalten von Subsystemen und langandauernde experimentelle Zyklen.<\/p><p class=\"p1\">Die kommerzielle Rechtseinheit \u2014 <span class=\"s1\"><b>MICRO DIGITAL ELECTRONICS CORP S.R.L.<\/b><\/span> \u2014 wurde im <span class=\"s1\"><b>Mai 2024<\/b><\/span> gegr\u00fcndet, um die bereits entwickelte VENDOR-Technologie im Rahmen der EU-Regulierungen zu industrialisieren, zu zertifizieren und zu skalieren.<\/p>\t\t\t\t\t\t\t\t<\/div>\n\t\t\t\t<\/div>\n\t\t\t\t\t<\/div>\n\t\t\t\t<\/div>\n\t\t<div class=\"elementor-element elementor-element-791fa12 e-flex e-con-boxed e-con e-parent\" data-id=\"791fa12\" data-element_type=\"container\" data-e-type=\"container\">\n\t\t\t\t\t<div class=\"e-con-inner\">\n\t\t\t\t<div class=\"elementor-element elementor-element-4352f0e elementor-widget elementor-widget-heading\" data-id=\"4352f0e\" data-element_type=\"widget\" data-e-type=\"widget\" data-widget_type=\"heading.default\">\n\t\t\t\t<div class=\"elementor-widget-container\">\n\t\t\t\t\t<h2 class=\"elementor-heading-title elementor-size-default\">Gr\u00fcnderfinanzierte F&amp;E (2011\u20132025)<\/h2>\t\t\t\t<\/div>\n\t\t\t\t<\/div>\n\t\t\t\t<div class=\"elementor-element elementor-element-b4f20d6 elementor-widget elementor-widget-text-editor\" data-id=\"b4f20d6\" data-element_type=\"widget\" data-e-type=\"widget\" data-widget_type=\"text-editor.default\">\n\t\t\t\t<div class=\"elementor-widget-container\">\n\t\t\t\t\t\t\t\t\t<p class=\"p1\">Seit \u00fcber zehn Jahren erfolgt die Entwicklung von VENDOR <span class=\"s1\"><b>ausschlie\u00dflich aus Mitteln der Gr\u00fcnder<\/b><\/span>.<\/p><p class=\"p1\">Im Zeitraum von <span class=\"s1\"><b>2011 bis Q3 2025<\/b><\/span> wurden <span class=\"s1\"><b>mehr als 1 Mio. \u20ac<\/b><\/span> an Gr\u00fcnderkapital in das Projekt investiert.<\/p><p class=\"p1\">Die Investitionen flossen in:<\/p><ul><li><p class=\"p1\">fr\u00fche F&amp;E sowie Experimente mit Regimen und Subsystemen<\/p><\/li><li><p class=\"p1\">mehrere Generationen von Prototypen\u00a0<b>(3 W \u2192 100 W \u2192 0,5 kW \u2192 1 kW \u2192 2,4 \u2192 5 kW)<\/b><b><\/b><\/p><\/li><li><p class=\"p1\">Laborinfrastruktur und Messtechnik<\/p><\/li><li><p class=\"p1\">langandauernde experimentelle und regimebasierte Testzyklen<\/p><\/li><li><p class=\"p1\">Patentierung und rechtliche Strukturierung des geistigen Eigentums<\/p><\/li><li><p class=\"p1\">\u00dcbergang in die EU zur Zertifizierung und Skalierung<\/p><\/li><li><p class=\"p1\">funktionsf\u00e4hige <span class=\"s1\"><b>TRL 5\u20136<\/b><\/span>-Laborprototypen f\u00fcr VENDOR.Zero und VENDOR.Max<\/p><\/li><\/ul>\t\t\t\t\t\t\t\t<\/div>\n\t\t\t\t<\/div>\n\t\t\t\t<div class=\"elementor-element elementor-element-ed728cb elementor-widget elementor-widget-heading\" data-id=\"ed728cb\" data-element_type=\"widget\" data-e-type=\"widget\" data-widget_type=\"heading.default\">\n\t\t\t\t<div class=\"elementor-widget-container\">\n\t\t\t\t\t<h2 class=\"elementor-heading-title elementor-size-default\">Laborinfrastruktur<\/h2>\t\t\t\t<\/div>\n\t\t\t\t<\/div>\n\t\t\t\t<div class=\"elementor-element elementor-element-3c5b9bc elementor-widget elementor-widget-text-editor\" data-id=\"3c5b9bc\" data-element_type=\"widget\" data-e-type=\"widget\" data-widget_type=\"text-editor.default\">\n\t\t\t\t<div class=\"elementor-widget-container\">\n\t\t\t\t\t\t\t\t\t<p class=\"p1\"><span class=\"s1\">Mehr als <\/span><b>70 % der gesamten Gr\u00fcnderinvestitionen<\/b><span class=\"s1\"> wurden f\u00fcr <\/span><b>Investitionsausgaben (CAPEX)<\/b><span class=\"s1\"> verwendet, darunter:<\/span><\/p><ul><li><p class=\"p1\">hochpr\u00e4zise Messtechnik<\/p><\/li><li><p class=\"p1\">Oszillografie und Hochspannungspr\u00fcfst\u00e4nde<\/p><\/li><li><p class=\"p1\">Last- und Testsysteme<\/p><\/li><li><p class=\"p1\">Labornetzger\u00e4te und Messschnittstellen<\/p><\/li><li><p class=\"p1\">Infrastruktur f\u00fcr langandauernde Regimetests<\/p><\/li><\/ul><hr \/><h5>Investitionsvolumen<\/h5><p class=\"p4\">Gesamtes Investitionsvolumen der Gr\u00fcnder: <span class=\"s3\">mehr als 1 Mio. \u20ac<\/span>.<\/p>\t\t\t\t\t\t\t\t<\/div>\n\t\t\t\t<\/div>\n\t\t\t\t\t<\/div>\n\t\t\t\t<\/div>\n\t\t<div class=\"elementor-element elementor-element-d9c9d92 e-flex e-con-boxed e-con e-parent\" data-id=\"d9c9d92\" data-element_type=\"container\" data-e-type=\"container\">\n\t\t\t\t\t<div class=\"e-con-inner\">\n\t\t\t\t<div class=\"elementor-element elementor-element-3cb80a0 elementor-widget elementor-widget-heading\" data-id=\"3cb80a0\" data-element_type=\"widget\" data-e-type=\"widget\" data-widget_type=\"heading.default\">\n\t\t\t\t<div class=\"elementor-widget-container\">\n\t\t\t\t\t<h2 class=\"elementor-heading-title elementor-size-default\">Entwicklungszeitachse<\/h2>\t\t\t\t<\/div>\n\t\t\t\t<\/div>\n\t\t\t\t<div class=\"elementor-element elementor-element-4771c2a elementor-widget elementor-widget-text-editor\" data-id=\"4771c2a\" data-element_type=\"widget\" data-e-type=\"widget\" data-widget_type=\"text-editor.default\">\n\t\t\t\t<div class=\"elementor-widget-container\">\n\t\t\t\t\t\t\t\t\t<p class=\"p1\"><b>2011\u20132015 \u2014 Fr\u00fche Forschung<\/b><b><\/b><\/p><p class=\"p2\">Validierung des Konzepts, erste Entladungsarchitekturen, Mikroexperimente.<\/p><p class=\"p1\"><b>2016\u20132020 \u2014 Erste funktionsf\u00e4hige Prototypen<\/b><b><\/b><\/p><p class=\"p2\">Niedrig- und Mittel\u00adleistungssysteme, resonante Treiber, Hochspannungssubsysteme, erste Stabilit\u00e4tsprotokolle.<\/p><p class=\"p1\"><b>2021\u20132024 \u2014 Patente und fortgeschrittene Prototypen<\/b><b><\/b><\/p><p class=\"p2\">Laborprototypen bis 5 kW, Stabilit\u00e4tstests von Subsystemen, verl\u00e4ngerte Betriebszyklen.<\/p><p class=\"p2\">Internationale Patentanmeldung und Erteilung des spanischen Patents.<\/p><p class=\"p1\"><b>2025 \u2014 EU-\u00dcbergang und Abschluss TRL 5\u20136<\/b><b><\/b><\/p><p class=\"p2\">Relokation nach Rum\u00e4nien.<\/p><p class=\"p2\">Laborplanung, Vorbereitung auf die Zertifizierung und \u00dcbergang zu den n\u00e4chsten TRL-Stufen.<\/p>\t\t\t\t\t\t\t\t<\/div>\n\t\t\t\t<\/div>\n\t\t\t\t\t<\/div>\n\t\t\t\t<\/div>\n\t\t<div class=\"elementor-element elementor-element-2f0a068 e-flex e-con-boxed e-con e-parent\" data-id=\"2f0a068\" data-element_type=\"container\" data-e-type=\"container\">\n\t\t\t\t\t<div class=\"e-con-inner\">\n\t\t\t\t<div class=\"elementor-element elementor-element-4464d1b elementor-widget elementor-widget-heading\" data-id=\"4464d1b\" data-element_type=\"widget\" data-e-type=\"widget\" data-widget_type=\"heading.default\">\n\t\t\t\t<div class=\"elementor-widget-container\">\n\t\t\t\t\t<h2 class=\"elementor-heading-title elementor-size-default\">Geistiges Eigentum<\/h2>\t\t\t\t<\/div>\n\t\t\t\t<\/div>\n\t\t\t\t<div class=\"elementor-element elementor-element-d614900 elementor-widget elementor-widget-text-editor\" data-id=\"d614900\" data-element_type=\"widget\" data-e-type=\"widget\" data-widget_type=\"text-editor.default\">\n\t\t\t\t<div class=\"elementor-widget-container\">\n\t\t\t\t\t\t\t\t\t<p class=\"p1\"><span class=\"s1\">Alle Rechte am geistigen Eigentum des Projekts <\/span><b>geh\u00f6ren den Gr\u00fcndern und der operativen Gesellschaft<\/b><span class=\"s1\">.<\/span><\/p><p class=\"p3\">Das Projekt:<\/p><ul><li><p class=\"p1\">ist kein akademisches Spin-off<\/p><\/li><li><p class=\"p1\">hat keine rechtlichen oder finanziellen Verpflichtungen gegen\u00fcber Universit\u00e4ten<\/p><\/li><li><p class=\"p1\">ist nicht mit Rechten Dritter belastet<\/p><\/li><\/ul>\t\t\t\t\t\t\t\t<\/div>\n\t\t\t\t<\/div>\n\t\t\t\t\t<\/div>\n\t\t\t\t<\/div>\n\t\t<div class=\"elementor-element elementor-element-aab6cec e-flex e-con-boxed e-con e-parent\" data-id=\"aab6cec\" data-element_type=\"container\" data-e-type=\"container\">\n\t\t\t\t\t<div class=\"e-con-inner\">\n\t\t\t\t<div class=\"elementor-element elementor-element-da29176 elementor-widget elementor-widget-heading\" data-id=\"da29176\" data-element_type=\"widget\" data-e-type=\"widget\" data-widget_type=\"heading.default\">\n\t\t\t\t<div class=\"elementor-widget-container\">\n\t\t\t\t\t<h2 class=\"elementor-heading-title elementor-size-default\">Eigent\u00fcmerstruktur<\/h2>\t\t\t\t<\/div>\n\t\t\t\t<\/div>\n\t\t\t\t<div class=\"elementor-element elementor-element-0e297e3 elementor-widget elementor-widget-text-editor\" data-id=\"0e297e3\" data-element_type=\"widget\" data-e-type=\"widget\" data-widget_type=\"text-editor.default\">\n\t\t\t\t<div class=\"elementor-widget-container\">\n\t\t\t\t\t\t\t\t\t<ul><li><p class=\"p1\">Gr\u00fcnder \u2014 <span class=\"s1\"><b>85 %<\/b><b><\/b><\/span><\/p><\/li><li><p class=\"p1\">ESOP \u2014 <span class=\"s1\"><b>10 %<\/b><b><\/b><\/span><\/p><\/li><li><p class=\"p1\">Rechtsberater \u2014 <span class=\"s1\"><b>5 %<\/b><\/span><\/p><\/li><\/ul>\t\t\t\t\t\t\t\t<\/div>\n\t\t\t\t<\/div>\n\t\t\t\t\t<\/div>\n\t\t\t\t<\/div>\n\t\t<div class=\"elementor-element elementor-element-ac37b03 e-flex e-con-boxed e-con e-parent\" data-id=\"ac37b03\" data-element_type=\"container\" data-e-type=\"container\">\n\t\t\t\t\t<div class=\"e-con-inner\">\n\t\t\t\t<div class=\"elementor-element elementor-element-6710c69 elementor-widget elementor-widget-heading\" data-id=\"6710c69\" data-element_type=\"widget\" data-e-type=\"widget\" data-widget_type=\"heading.default\">\n\t\t\t\t<div class=\"elementor-widget-container\">\n\t\t\t\t\t<h2 class=\"elementor-heading-title elementor-size-default\">SAFE-Runde<\/h2>\t\t\t\t<\/div>\n\t\t\t\t<\/div>\n\t\t\t\t<div class=\"elementor-element elementor-element-278abda elementor-widget elementor-widget-text-editor\" data-id=\"278abda\" data-element_type=\"widget\" data-e-type=\"widget\" data-widget_type=\"text-editor.default\">\n\t\t\t\t<div class=\"elementor-widget-container\">\n\t\t\t\t\t\t\t\t\t<p class=\"p1\">Das Budget der <span class=\"s1\"><b>SAFE-Runde<\/b><\/span> definiert die Verwendung der Mittel f\u00fcr:<\/p><ul><li><p class=\"p1\">Aufbau eines Labors in der EU<\/p><\/li><li><p class=\"p1\">Beschaffung hochpr\u00e4ziser Labor- und Pr\u00fcfausr\u00fcstung<\/p><\/li><li><p class=\"p1\">Entwicklung der Laborinfrastruktur<\/p><\/li><li><p class=\"p1\">Vorbereitung auf die Zertifizierung und den \u00dcbergang <span class=\"s1\"><b>TRL 6 \u2192 TRL 7<\/b><\/span><\/p><\/li><\/ul>\t\t\t\t\t\t\t\t<\/div>\n\t\t\t\t<\/div>\n\t\t\t\t\t<\/div>\n\t\t\t\t<\/div>\n\t\t<div class=\"elementor-element elementor-element-dea9655 e-flex e-con-boxed e-con e-parent\" data-id=\"dea9655\" data-element_type=\"container\" data-e-type=\"container\">\n\t\t\t\t\t<div class=\"e-con-inner\">\n\t\t\t\t<div class=\"elementor-element elementor-element-a6cfb62 elementor-widget elementor-widget-heading\" data-id=\"a6cfb62\" data-element_type=\"widget\" data-e-type=\"widget\" data-widget_type=\"heading.default\">\n\t\t\t\t<div class=\"elementor-widget-container\">\n\t\t\t\t\t<h2 class=\"elementor-heading-title elementor-size-default\">Nehmen Sie Kontakt auf<\/h2>\t\t\t\t<\/div>\n\t\t\t\t<\/div>\n\t\t\t\t<div class=\"elementor-element elementor-element-d43485c elementor-widget elementor-widget-text-editor\" data-id=\"d43485c\" data-element_type=\"widget\" data-e-type=\"widget\" data-widget_type=\"text-editor.default\">\n\t\t\t\t<div class=\"elementor-widget-container\">\n\t\t\t\t\t\t\t\t\t<p><strong>VENDOR.Energy<\/strong><br \/>Autonomous Solid-State Energy Systems by <a href=\"https:\/\/microdigitalcorp.com\" target=\"_blank\" rel=\"noopener\">MICRO DIGITAL ELECTRONICS CORP SRL<\/a><br \/><strong>Headquarters:<\/strong> Splaiul Unirii, nr.16, office 705, Bucharest, Romania, European Union<br \/>Email: <a href=\"mailto:info@vendor.energy\">info@vendor.energy<\/a><\/p>\t\t\t\t\t\t\t\t<\/div>\n\t\t\t\t<\/div>\n\t\t\t\t\t<\/div>\n\t\t\t\t<\/div>\n\t\t\t\t<\/div>\n\t\t","protected":false},"excerpt":{"rendered":"<p>Historie Forschung zuerst. Unternehmen sp\u00e4ter. Das Projekt VENDOR entstand als langfristige, unabh\u00e4ngige Forschungsarbeit im Bereich nichtlinearer elektrodynamischer Systeme und regimebasierter Energiearchitekturen. Die F&amp;E-Phase begann in den Jahren 2010\u20132011 als informelle Ingenieur- und Forschungsgruppe, ohne eingetragene juristische Person, ohne externe Investoren und ohne institutionelle Finanzierung. Die fr\u00fchen Arbeiten wurden vollst\u00e4ndig von den Gr\u00fcndern finanziert und konzentrierten [&hellip;]<\/p>\n","protected":false},"author":1,"featured_media":0,"parent":0,"menu_order":0,"comment_status":"closed","ping_status":"closed","template":"elementor_header_footer","meta":{"footnotes":""},"class_list":["post-13544","page","type-page","status-publish","hentry"],"_links":{"self":[{"href":"https:\/\/vendor.energy\/de\/wp-json\/wp\/v2\/pages\/13544","targetHints":{"allow":["GET"]}}],"collection":[{"href":"https:\/\/vendor.energy\/de\/wp-json\/wp\/v2\/pages"}],"about":[{"href":"https:\/\/vendor.energy\/de\/wp-json\/wp\/v2\/types\/page"}],"author":[{"embeddable":true,"href":"https:\/\/vendor.energy\/de\/wp-json\/wp\/v2\/users\/1"}],"replies":[{"embeddable":true,"href":"https:\/\/vendor.energy\/de\/wp-json\/wp\/v2\/comments?post=13544"}],"version-history":[{"count":15,"href":"https:\/\/vendor.energy\/de\/wp-json\/wp\/v2\/pages\/13544\/revisions"}],"predecessor-version":[{"id":14399,"href":"https:\/\/vendor.energy\/de\/wp-json\/wp\/v2\/pages\/13544\/revisions\/14399"}],"wp:attachment":[{"href":"https:\/\/vendor.energy\/de\/wp-json\/wp\/v2\/media?parent=13544"}],"curies":[{"name":"wp","href":"https:\/\/api.w.org\/{rel}","templated":true}]}}